{"id":79,"date":"2018-02-08T23:25:18","date_gmt":"2018-02-08T23:25:18","guid":{"rendered":"http:\/\/192.168.56.102\/?page_id=79"},"modified":"2022-09-01T06:59:39","modified_gmt":"2022-09-01T06:59:39","slug":"unsere-qualitat","status":"publish","type":"page","link":"https:\/\/www.werbefreund24.de\/index.php\/unsere-qualitat\/","title":{"rendered":"Unsere Qualit\u00e4t"},"content":{"rendered":"<div style=\"margin-bottom: 68px;\">\n<p>Bei uns steht Qualit\u00e4t, Verarbeitung und Service an erster Stelle. Um diesen Anspr\u00fcchen gerecht zu werden und unsere Kunden mit der bestm\u00f6glichen Qualit\u00e4t zu erfreuen, sind die von uns gelieferten Artikel und hier insbesondere die Kunststoffe, schadstoffgepr\u00fcft.<\/p>\n<div class=\"art-PostContent\">\n<div class=\"art-article\">\n<p><img loading=\"lazy\" class=\"size-full wp-image-182 alignleft\" src=\"https:\/\/www.werbefreund24.de\/wp-content\/uploads\/2018\/02\/service-werbefreund24.jpg\" alt=\"\" width=\"200\" height=\"188\" \/><\/p>\n<p>Alle Satz- und Gestaltungsarbeiten sowie das Bedrucken unserer Produkte werden in der hauseigenen Druckerei in Deutschland ausgef\u00fchrt.<\/p>\n<p>Nat\u00fcrlich enthalten die Pigmente unserer Druckfarben nach ihrer chemischen Struktur keine Schwermetalle nach DIN EN 71, Teil 3 und sind damit auch f\u00fcr Spielzeug geeignet.<\/p>\n<p>&nbsp;<\/p>\n<\/div>\n<\/div>\n<\/div>\n<p>&nbsp;<\/p>\n<hr \/>\n<p><span style=\"font-size: 12px;\">Wir liefern ausschlie\u00dflich auf Grundlage unserer Allgemeinen Gesch\u00e4ftsbedingungen, siehe <a href=\"https:\/\/www.werbefreund24.de\/index.php\/agbs\/\">https:\/\/www.werbefreund24.de\/index.php\/agbs\/<\/a>. Weitergehende Informationen zur Verarbeitung Ihrer Daten erhalten Sie unter <a href=\"https:\/\/www.werbefreund24.de\/index.php\/datenschutz\/\">https:\/\/www.werbefreund24.de\/index.php\/datenschutz\/<\/a>. Alle Preise verstehen sich zuz\u00fcglich Mehrwertsteuer. Drucknebenkosten f\u00fcr Werbeanbringung siehe Produktbeschreibung. Das Angebot ist nur bestimmt f\u00fcr Industrie, Handel, Gewerbe und vergleichbare Institutionen und richtet sich nicht an Verbraucher.<\/span><\/p>\n","protected":false},"excerpt":{"rendered":"<p>Bei uns steht Qualit\u00e4t, Verarbeitung und Service <a class=\"more-link\" href=\"https:\/\/www.werbefreund24.de\/index.php\/unsere-qualitat\/\">weiterlesen&#8230;<\/a><\/p>\n","protected":false},"author":1,"featured_media":0,"parent":0,"menu_order":0,"comment_status":"closed","ping_status":"closed","template":"","meta":[],"yoast_head":"<!-- This site is optimized with the Yoast SEO plugin v20.2.1 - https:\/\/yoast.com\/wordpress\/plugins\/seo\/ -->\n<title>Unsere Qualit\u00e4t - Werbefreund24.de<\/title>\n<meta name=\"robots\" content=\"index, follow, max-snippet:-1, max-image-preview:large, max-video-preview:-1\" \/>\n<link rel=\"canonical\" href=\"https:\/\/www.werbefreund24.de\/index.php\/unsere-qualitat\/\" \/>\n<meta property=\"og:locale\" content=\"de_DE\" \/>\n<meta property=\"og:type\" content=\"article\" \/>\n<meta property=\"og:title\" content=\"Unsere Qualit\u00e4t - Werbefreund24.de\" \/>\n<meta property=\"og:description\" content=\"Bei uns steht Qualit\u00e4t, Verarbeitung und Service weiterlesen...\" \/>\n<meta property=\"og:url\" content=\"https:\/\/www.werbefreund24.de\/index.php\/unsere-qualitat\/\" \/>\n<meta property=\"og:site_name\" content=\"Werbefreund24.de\" \/>\n<meta property=\"article:modified_time\" content=\"2022-09-01T06:59:39+00:00\" \/>\n<meta property=\"og:image\" content=\"https:\/\/www.werbefreund24.de\/wp-content\/uploads\/2018\/02\/service-werbefreund24.jpg\" \/>\n<meta name=\"twitter:card\" content=\"summary_large_image\" \/>\n<meta name=\"twitter:label1\" content=\"Gesch\u00e4tzte Lesezeit\" \/>\n\t<meta name=\"twitter:data1\" content=\"1\u00a0Minute\" \/>\n<script type=\"application\/ld+json\" class=\"yoast-schema-graph\">{\"@context\":\"https:\/\/schema.org\",\"@graph\":[{\"@type\":\"WebPage\",\"@id\":\"https:\/\/www.werbefreund24.de\/index.php\/unsere-qualitat\/\",\"url\":\"https:\/\/www.werbefreund24.de\/index.php\/unsere-qualitat\/\",\"name\":\"Unsere Qualit\u00e4t - Werbefreund24.de\",\"isPartOf\":{\"@id\":\"https:\/\/www.werbefreund24.de\/#website\"},\"datePublished\":\"2018-02-08T23:25:18+00:00\",\"dateModified\":\"2022-09-01T06:59:39+00:00\",\"breadcrumb\":{\"@id\":\"https:\/\/www.werbefreund24.de\/index.php\/unsere-qualitat\/#breadcrumb\"},\"inLanguage\":\"de\",\"potentialAction\":[{\"@type\":\"ReadAction\",\"target\":[\"https:\/\/www.werbefreund24.de\/index.php\/unsere-qualitat\/\"]}]},{\"@type\":\"BreadcrumbList\",\"@id\":\"https:\/\/www.werbefreund24.de\/index.php\/unsere-qualitat\/#breadcrumb\",\"itemListElement\":[{\"@type\":\"ListItem\",\"position\":1,\"name\":\"Startseite\",\"item\":\"https:\/\/www.werbefreund24.de\/\"},{\"@type\":\"ListItem\",\"position\":2,\"name\":\"Unsere Qualit\u00e4t\"}]},{\"@type\":\"WebSite\",\"@id\":\"https:\/\/www.werbefreund24.de\/#website\",\"url\":\"https:\/\/www.werbefreund24.de\/\",\"name\":\"Werbefreund24.de\",\"description\":\"\",\"publisher\":{\"@id\":\"https:\/\/www.werbefreund24.de\/#organization\"},\"potentialAction\":[{\"@type\":\"SearchAction\",\"target\":{\"@type\":\"EntryPoint\",\"urlTemplate\":\"https:\/\/www.werbefreund24.de\/?s={search_term_string}\"},\"query-input\":\"required name=search_term_string\"}],\"inLanguage\":\"de\"},{\"@type\":\"Organization\",\"@id\":\"https:\/\/www.werbefreund24.de\/#organization\",\"name\":\"Werbefreund24\",\"url\":\"https:\/\/www.werbefreund24.de\/\",\"logo\":{\"@type\":\"ImageObject\",\"inLanguage\":\"de\",\"@id\":\"https:\/\/www.werbefreund24.de\/#\/schema\/logo\/image\/\",\"url\":\"https:\/\/www.werbefreund24.de\/wp-content\/uploads\/2018\/05\/wf-klein.jpg\",\"contentUrl\":\"https:\/\/www.werbefreund24.de\/wp-content\/uploads\/2018\/05\/wf-klein.jpg\",\"width\":257,\"height\":41,\"caption\":\"Werbefreund24\"},\"image\":{\"@id\":\"https:\/\/www.werbefreund24.de\/#\/schema\/logo\/image\/\"}}]}<\/script>\n<!-- \/ Yoast SEO plugin. -->","yoast_head_json":{"title":"Unsere Qualit\u00e4t - Werbefreund24.de","robots":{"index":"index","follow":"follow","max-snippet":"max-snippet:-1","max-image-preview":"max-image-preview:large","max-video-preview":"max-video-preview:-1"},"canonical":"https:\/\/www.werbefreund24.de\/index.php\/unsere-qualitat\/","og_locale":"de_DE","og_type":"article","og_title":"Unsere Qualit\u00e4t - Werbefreund24.de","og_description":"Bei uns steht Qualit\u00e4t, Verarbeitung und Service weiterlesen...","og_url":"https:\/\/www.werbefreund24.de\/index.php\/unsere-qualitat\/","og_site_name":"Werbefreund24.de","article_modified_time":"2022-09-01T06:59:39+00:00","og_image":[{"url":"https:\/\/www.werbefreund24.de\/wp-content\/uploads\/2018\/02\/service-werbefreund24.jpg"}],"twitter_card":"summary_large_image","twitter_misc":{"Gesch\u00e4tzte Lesezeit":"1\u00a0Minute"},"schema":{"@context":"https:\/\/schema.org","@graph":[{"@type":"WebPage","@id":"https:\/\/www.werbefreund24.de\/index.php\/unsere-qualitat\/","url":"https:\/\/www.werbefreund24.de\/index.php\/unsere-qualitat\/","name":"Unsere Qualit\u00e4t - Werbefreund24.de","isPartOf":{"@id":"https:\/\/www.werbefreund24.de\/#website"},"datePublished":"2018-02-08T23:25:18+00:00","dateModified":"2022-09-01T06:59:39+00:00","breadcrumb":{"@id":"https:\/\/www.werbefreund24.de\/index.php\/unsere-qualitat\/#breadcrumb"},"inLanguage":"de","potentialAction":[{"@type":"ReadAction","target":["https:\/\/www.werbefreund24.de\/index.php\/unsere-qualitat\/"]}]},{"@type":"BreadcrumbList","@id":"https:\/\/www.werbefreund24.de\/index.php\/unsere-qualitat\/#breadcrumb","itemListElement":[{"@type":"ListItem","position":1,"name":"Startseite","item":"https:\/\/www.werbefreund24.de\/"},{"@type":"ListItem","position":2,"name":"Unsere Qualit\u00e4t"}]},{"@type":"WebSite","@id":"https:\/\/www.werbefreund24.de\/#website","url":"https:\/\/www.werbefreund24.de\/","name":"Werbefreund24.de","description":"","publisher":{"@id":"https:\/\/www.werbefreund24.de\/#organization"},"potentialAction":[{"@type":"SearchAction","target":{"@type":"EntryPoint","urlTemplate":"https:\/\/www.werbefreund24.de\/?s={search_term_string}"},"query-input":"required name=search_term_string"}],"inLanguage":"de"},{"@type":"Organization","@id":"https:\/\/www.werbefreund24.de\/#organization","name":"Werbefreund24","url":"https:\/\/www.werbefreund24.de\/","logo":{"@type":"ImageObject","inLanguage":"de","@id":"https:\/\/www.werbefreund24.de\/#\/schema\/logo\/image\/","url":"https:\/\/www.werbefreund24.de\/wp-content\/uploads\/2018\/05\/wf-klein.jpg","contentUrl":"https:\/\/www.werbefreund24.de\/wp-content\/uploads\/2018\/05\/wf-klein.jpg","width":257,"height":41,"caption":"Werbefreund24"},"image":{"@id":"https:\/\/www.werbefreund24.de\/#\/schema\/logo\/image\/"}}]}},"_links":{"self":[{"href":"https:\/\/www.werbefreund24.de\/index.php\/wp-json\/wp\/v2\/pages\/79"}],"collection":[{"href":"https:\/\/www.werbefreund24.de\/index.php\/wp-json\/wp\/v2\/pages"}],"about":[{"href":"https:\/\/www.werbefreund24.de\/index.php\/wp-json\/wp\/v2\/types\/page"}],"author":[{"embeddable":true,"href":"https:\/\/www.werbefreund24.de\/index.php\/wp-json\/wp\/v2\/users\/1"}],"replies":[{"embeddable":true,"href":"https:\/\/www.werbefreund24.de\/index.php\/wp-json\/wp\/v2\/comments?post=79"}],"version-history":[{"count":18,"href":"https:\/\/www.werbefreund24.de\/index.php\/wp-json\/wp\/v2\/pages\/79\/revisions"}],"predecessor-version":[{"id":1585,"href":"https:\/\/www.werbefreund24.de\/index.php\/wp-json\/wp\/v2\/pages\/79\/revisions\/1585"}],"wp:attachment":[{"href":"https:\/\/www.werbefreund24.de\/index.php\/wp-json\/wp\/v2\/media?parent=79"}],"curies":[{"name":"wp","href":"https:\/\/api.w.org\/{rel}","templated":true}]}}