{"id":733,"date":"2019-01-07T13:32:21","date_gmt":"2019-01-07T13:32:21","guid":{"rendered":"http:\/\/www.werbefreund24.de\/?page_id=733"},"modified":"2020-03-13T10:54:12","modified_gmt":"2020-03-13T10:54:12","slug":"feuerzeuge","status":"publish","type":"page","link":"https:\/\/www.werbefreund24.de\/index.php\/feuerzeuge\/","title":{"rendered":"Feuerzeuge"},"content":{"rendered":"<h2><span style=\"color: #265065;\">E-Feuerzeug mit Lichtbogentechnolgie<\/span><\/h2>\n<p><a href=\"http:\/\/www.werbefreund24.de\/index.php\/e-feuerzeug\/\"><img loading=\"lazy\" class=\"alignnone size-full wp-image-971\" src=\"http:\/\/www.werbefreund24.de\/wp-content\/uploads\/2019\/02\/E-Feuerzeug_Lichtbogen_weiss.jpg\" alt=\"E-Feuerzeug mit Lichtbogentechnologie\" width=\"600\" height=\"300\" \/><\/a><\/p>\n<p>Eine wirkliche Weltneuheit ist dieses umweltfreundliche <strong><span style=\"color: #205065;\">E-Feuerzeug<\/span><\/strong>, dass weder Benzin, Gas noch l\u00e4stiges Nachf\u00fcllen ben\u00f6tigt.<br \/>\nInklusiv Lithium Polymer Akku f\u00fcr ca. 70 Z\u00fcndungen und USB-Kabel. Funktionserprobt auch bei Stark-Wind &#8211; ideal f\u00fcr Teelichter, Kerzen oder Kamin.<\/p>\n<p><span style=\"color: #265065;\"><strong>900 301:<\/strong><\/span> silber\/anthrazit\/schwarz &#8211; Aluminium\/Metall<\/p>\n<p><span style=\"color: #265065;\"><strong>Werbefl\u00e4che:<\/strong><\/span> 45 x 8 mm<\/p>\n<p><span style=\"color: #265065;\"><strong>Werbetext wird mittels Lasergravur angebracht<\/strong><\/span><\/p>\n<p><a href=\"http:\/\/www.werbefreund24.de\/index.php\/feuerzeug-fire-open\/\" target=\"_blank\" rel=\"noopener noreferrer\"><img loading=\"lazy\" class=\"alignnone wp-image-564 size-full\" src=\"http:\/\/www.werbefreund24.de\/wp-content\/uploads\/2018\/08\/button_bestellen.png\" alt=\"\" width=\"284\" height=\"64\" \/><\/a><\/p>\n<p><img loading=\"lazy\" class=\"alignnone size-full wp-image-380\" src=\"http:\/\/www.werbefreund24.de\/wp-content\/uploads\/2018\/05\/trenner.jpg\" alt=\"\" width=\"1200\" height=\"5\" srcset=\"https:\/\/www.werbefreund24.de\/wp-content\/uploads\/2018\/05\/trenner.jpg 1200w, https:\/\/www.werbefreund24.de\/wp-content\/uploads\/2018\/05\/trenner-300x1.jpg 300w, https:\/\/www.werbefreund24.de\/wp-content\/uploads\/2018\/05\/trenner-768x3.jpg 768w, https:\/\/www.werbefreund24.de\/wp-content\/uploads\/2018\/05\/trenner-1024x4.jpg 1024w\" sizes=\"(max-width: 1200px) 100vw, 1200px\" \/><\/p>\n<h2><span style=\"color: #265065;\">Feuerzeug mit Flaschen\u00f6ffner Fire + Open<\/span><\/h2>\n<p><strong><a href=\"http:\/\/www.werbefreund24.de\/index.php\/feuerzeug-fire-open\/\"><img loading=\"lazy\" class=\"alignnone wp-image-721 size-full\" src=\"http:\/\/www.werbefreund24.de\/wp-content\/uploads\/2019\/01\/Feuerzeug_Fire_Open_Rahmen.jpg\" alt=\"Feuerzeug mit Flaschen\u00f6ffner Fire + Open\" width=\"600\" height=\"300\" srcset=\"https:\/\/www.werbefreund24.de\/wp-content\/uploads\/2019\/01\/Feuerzeug_Fire_Open_Rahmen.jpg 600w, https:\/\/www.werbefreund24.de\/wp-content\/uploads\/2019\/01\/Feuerzeug_Fire_Open_Rahmen-300x150.jpg 300w\" sizes=\"(max-width: 600px) 100vw, 600px\" \/><\/a><\/strong><\/p>\n<p><span style=\"color: #265065;\"><strong>Feuerzeug mit Flaschen\u00f6ffner Fire + Open<\/strong><\/span> mit Stahlflammenschutz, Kindersicherung und Flammeneinstellung.<\/p>\n<p><span style=\"color: #265065;\"><strong>Produktfarben:<\/strong><\/span><br \/>\n<span style=\"color: #265065;\"><strong>425 001:<\/strong><\/span> Blau<br \/>\n<span style=\"color: #265065;\"><strong>425 002:<\/strong><\/span> Rot<br \/>\n<span style=\"color: #265065;\"><strong>425 003:<\/strong><\/span> Schwarz<br \/>\n<span style=\"color: #265065;\"><strong>425 004:<\/strong><\/span> Wei\u00df<\/p>\n<p><span style=\"color: #265065;\"><strong>Druckfarben:<\/strong><\/span> Silber, Schwarz oder Wei\u00df<\/p>\n<p><span style=\"color: #265065;\"><strong>Werbefl\u00e4che:<\/strong><\/span> 45 x 10 mm<\/p>\n<p><a href=\"http:\/\/www.werbefreund24.de\/index.php\/feuerzeug-fire-open\/\" target=\"_blank\" rel=\"noopener noreferrer\"><img loading=\"lazy\" class=\"alignnone wp-image-564 size-full\" src=\"http:\/\/www.werbefreund24.de\/wp-content\/uploads\/2018\/08\/button_bestellen.png\" alt=\"\" width=\"284\" height=\"64\" \/><\/a><\/p>\n<p><img loading=\"lazy\" class=\"alignnone size-full wp-image-380\" src=\"http:\/\/www.werbefreund24.de\/wp-content\/uploads\/2018\/05\/trenner.jpg\" alt=\"\" width=\"1200\" height=\"5\" srcset=\"https:\/\/www.werbefreund24.de\/wp-content\/uploads\/2018\/05\/trenner.jpg 1200w, https:\/\/www.werbefreund24.de\/wp-content\/uploads\/2018\/05\/trenner-300x1.jpg 300w, https:\/\/www.werbefreund24.de\/wp-content\/uploads\/2018\/05\/trenner-768x3.jpg 768w, https:\/\/www.werbefreund24.de\/wp-content\/uploads\/2018\/05\/trenner-1024x4.jpg 1024w\" sizes=\"(max-width: 1200px) 100vw, 1200px\" \/><\/p>\n<h2><span style=\"color: #265065;\">Feuerzeug Galant<\/span><\/h2>\n<p><strong><a href=\"http:\/\/www.werbefreund24.de\/index.php\/feuerzeug-galant\/\"><img loading=\"lazy\" class=\"alignnone wp-image-467 size-full\" src=\"http:\/\/www.werbefreund24.de\/wp-content\/uploads\/2018\/05\/Feuerzeug-Galant_Rahmen.jpg\" alt=\"Feuerzeug Galant\" width=\"600\" height=\"300\" srcset=\"https:\/\/www.werbefreund24.de\/wp-content\/uploads\/2018\/05\/Feuerzeug-Galant_Rahmen.jpg 600w, https:\/\/www.werbefreund24.de\/wp-content\/uploads\/2018\/05\/Feuerzeug-Galant_Rahmen-300x150.jpg 300w\" sizes=\"(max-width: 600px) 100vw, 600px\" \/><\/a><\/strong><\/p>\n<p><span style=\"color: #265065;\"><strong>Feuerzeug Galant<\/strong><\/span> (nachf\u00fcllbar) mit Stahlflammenschutz, Kindersicherung und Flammeneinstellung.<\/p>\n<p><span style=\"color: #265065;\"><strong>Produktfarben:<\/strong><\/span><br \/>\n<span style=\"color: #265065;\"><strong>403 501:<\/strong><\/span> Blau<br \/>\n<span style=\"color: #265065;\"><strong>403 502:<\/strong><\/span> Rot<br \/>\n<span style=\"color: #265065;\"><strong>403 503:<\/strong><\/span> Silber<br \/>\n<span style=\"color: #265065;\"><strong>403 504:<\/strong><\/span> Schwarz<br \/>\n<span style=\"color: #265065;\"><strong>403 505:<\/strong><\/span> Wei\u00df<br \/>\n<span style=\"color: #265065;\"><strong>403 506:<\/strong><\/span> Gr\u00fcn<br \/>\n<span style=\"color: #265065;\"><strong>403 507:<\/strong><\/span> Gelb<\/p>\n<p><span style=\"color: #265065;\"><strong>Druckfarben:<\/strong><\/span> Silber, Schwarz oder Wei\u00df<\/p>\n<p><span style=\"color: #265065;\"><strong>Werbefl\u00e4che:<\/strong><\/span> 50 x 15 mm<\/p>\n<p><a href=\"http:\/\/www.werbefreund24.de\/index.php\/feuerzeug-galant\/\" target=\"_blank\" rel=\"noopener noreferrer\"><img loading=\"lazy\" class=\"alignnone wp-image-564 size-full\" src=\"http:\/\/www.werbefreund24.de\/wp-content\/uploads\/2018\/08\/button_bestellen.png\" alt=\"\" width=\"284\" height=\"64\" \/><\/a><\/p>\n<h4 style=\"text-align: center;\"><strong>Bei R\u00fcckfragen sind wir unter der Tel-Nr.: 08000 \/ 22 55 236 oder<br \/>\nper E-Mail: <a href=\"mailto:info@werbefreund24.de\">info@werbefreund24.de<\/a> erreichbar.<\/strong><\/h4>\n<hr \/>\n<p><span style=\"font-size: 12px;\">Wir liefern ausschlie\u00dflich auf Grundlage unserer Allgemeinen Gesch\u00e4ftsbedingungen, siehe <a href=\"https:\/\/www.werbefreund24.de\/index.php\/agbs\/\">https:\/\/www.werbefreund24.de\/index.php\/agbs\/<\/a>. Weitergehende Informationen zur Verarbeitung Ihrer Daten erhalten Sie unter <a href=\"https:\/\/www.werbefreund24.de\/index.php\/datenschutz\/\">https:\/\/www.werbefreund24.de\/index.php\/datenschutz\/<\/a>. Alle Preise verstehen sich zuz\u00fcglich Mehrwertsteuer. Drucknebenkosten f\u00fcr Werbeanbringung siehe Produktbeschreibung. Das Angebot ist nur bestimmt f\u00fcr Industrie, Handel, Gewerbe und vergleichbare Institutionen und richtet sich nicht an Verbraucher.<\/span><\/p>\n","protected":false},"excerpt":{"rendered":"<p>E-Feuerzeug mit Lichtbogentechnolgie Eine wirkliche Weltneuheit ist <a class=\"more-link\" href=\"https:\/\/www.werbefreund24.de\/index.php\/feuerzeuge\/\">weiterlesen&#8230;<\/a><\/p>\n","protected":false},"author":2,"featured_media":0,"parent":0,"menu_order":0,"comment_status":"closed","ping_status":"closed","template":"","meta":[],"yoast_head":"<!-- This site is optimized with the Yoast SEO plugin v20.2.1 - https:\/\/yoast.com\/wordpress\/plugins\/seo\/ -->\n<title>Feuerzeuge - Werbefreund24.de<\/title>\n<meta name=\"description\" content=\"Feuerzeug Fire + Open oder Feuerezug Galant g\u00fcnstig bestellen - Werbeartikel Feuerzeuge bei Werbefreund24\" \/>\n<meta name=\"robots\" content=\"index, follow, max-snippet:-1, max-image-preview:large, max-video-preview:-1\" \/>\n<link rel=\"canonical\" href=\"https:\/\/www.werbefreund24.de\/index.php\/feuerzeuge\/\" \/>\n<meta property=\"og:locale\" content=\"de_DE\" \/>\n<meta property=\"og:type\" content=\"article\" \/>\n<meta property=\"og:title\" content=\"Feuerzeuge - Werbefreund24.de\" \/>\n<meta property=\"og:description\" content=\"Feuerzeug Fire + Open oder Feuerezug Galant g\u00fcnstig bestellen - Werbeartikel Feuerzeuge bei Werbefreund24\" \/>\n<meta property=\"og:url\" content=\"https:\/\/www.werbefreund24.de\/index.php\/feuerzeuge\/\" \/>\n<meta property=\"og:site_name\" content=\"Werbefreund24.de\" \/>\n<meta property=\"article:modified_time\" content=\"2020-03-13T10:54:12+00:00\" \/>\n<meta property=\"og:image\" content=\"http:\/\/www.werbefreund24.de\/wp-content\/uploads\/2019\/02\/E-Feuerzeug_Lichtbogen_weiss.jpg\" \/>\n<meta name=\"twitter:card\" content=\"summary_large_image\" \/>\n<meta name=\"twitter:label1\" content=\"Gesch\u00e4tzte Lesezeit\" \/>\n\t<meta name=\"twitter:data1\" content=\"1\u00a0Minute\" \/>\n<script type=\"application\/ld+json\" class=\"yoast-schema-graph\">{\"@context\":\"https:\/\/schema.org\",\"@graph\":[{\"@type\":\"WebPage\",\"@id\":\"https:\/\/www.werbefreund24.de\/index.php\/feuerzeuge\/\",\"url\":\"https:\/\/www.werbefreund24.de\/index.php\/feuerzeuge\/\",\"name\":\"Feuerzeuge - Werbefreund24.de\",\"isPartOf\":{\"@id\":\"https:\/\/www.werbefreund24.de\/#website\"},\"datePublished\":\"2019-01-07T13:32:21+00:00\",\"dateModified\":\"2020-03-13T10:54:12+00:00\",\"description\":\"Feuerzeug Fire + Open oder Feuerezug Galant g\u00fcnstig bestellen - Werbeartikel Feuerzeuge bei Werbefreund24\",\"breadcrumb\":{\"@id\":\"https:\/\/www.werbefreund24.de\/index.php\/feuerzeuge\/#breadcrumb\"},\"inLanguage\":\"de\",\"potentialAction\":[{\"@type\":\"ReadAction\",\"target\":[\"https:\/\/www.werbefreund24.de\/index.php\/feuerzeuge\/\"]}]},{\"@type\":\"BreadcrumbList\",\"@id\":\"https:\/\/www.werbefreund24.de\/index.php\/feuerzeuge\/#breadcrumb\",\"itemListElement\":[{\"@type\":\"ListItem\",\"position\":1,\"name\":\"Startseite\",\"item\":\"https:\/\/www.werbefreund24.de\/\"},{\"@type\":\"ListItem\",\"position\":2,\"name\":\"Feuerzeuge\"}]},{\"@type\":\"WebSite\",\"@id\":\"https:\/\/www.werbefreund24.de\/#website\",\"url\":\"https:\/\/www.werbefreund24.de\/\",\"name\":\"Werbefreund24.de\",\"description\":\"\",\"publisher\":{\"@id\":\"https:\/\/www.werbefreund24.de\/#organization\"},\"potentialAction\":[{\"@type\":\"SearchAction\",\"target\":{\"@type\":\"EntryPoint\",\"urlTemplate\":\"https:\/\/www.werbefreund24.de\/?s={search_term_string}\"},\"query-input\":\"required name=search_term_string\"}],\"inLanguage\":\"de\"},{\"@type\":\"Organization\",\"@id\":\"https:\/\/www.werbefreund24.de\/#organization\",\"name\":\"Werbefreund24\",\"url\":\"https:\/\/www.werbefreund24.de\/\",\"logo\":{\"@type\":\"ImageObject\",\"inLanguage\":\"de\",\"@id\":\"https:\/\/www.werbefreund24.de\/#\/schema\/logo\/image\/\",\"url\":\"https:\/\/www.werbefreund24.de\/wp-content\/uploads\/2018\/05\/wf-klein.jpg\",\"contentUrl\":\"https:\/\/www.werbefreund24.de\/wp-content\/uploads\/2018\/05\/wf-klein.jpg\",\"width\":257,\"height\":41,\"caption\":\"Werbefreund24\"},\"image\":{\"@id\":\"https:\/\/www.werbefreund24.de\/#\/schema\/logo\/image\/\"}}]}<\/script>\n<!-- \/ Yoast SEO plugin. -->","yoast_head_json":{"title":"Feuerzeuge - Werbefreund24.de","description":"Feuerzeug Fire + Open oder Feuerezug Galant g\u00fcnstig bestellen - Werbeartikel Feuerzeuge bei Werbefreund24","robots":{"index":"index","follow":"follow","max-snippet":"max-snippet:-1","max-image-preview":"max-image-preview:large","max-video-preview":"max-video-preview:-1"},"canonical":"https:\/\/www.werbefreund24.de\/index.php\/feuerzeuge\/","og_locale":"de_DE","og_type":"article","og_title":"Feuerzeuge - Werbefreund24.de","og_description":"Feuerzeug Fire + Open oder Feuerezug Galant g\u00fcnstig bestellen - Werbeartikel Feuerzeuge bei Werbefreund24","og_url":"https:\/\/www.werbefreund24.de\/index.php\/feuerzeuge\/","og_site_name":"Werbefreund24.de","article_modified_time":"2020-03-13T10:54:12+00:00","og_image":[{"url":"http:\/\/www.werbefreund24.de\/wp-content\/uploads\/2019\/02\/E-Feuerzeug_Lichtbogen_weiss.jpg"}],"twitter_card":"summary_large_image","twitter_misc":{"Gesch\u00e4tzte Lesezeit":"1\u00a0Minute"},"schema":{"@context":"https:\/\/schema.org","@graph":[{"@type":"WebPage","@id":"https:\/\/www.werbefreund24.de\/index.php\/feuerzeuge\/","url":"https:\/\/www.werbefreund24.de\/index.php\/feuerzeuge\/","name":"Feuerzeuge - Werbefreund24.de","isPartOf":{"@id":"https:\/\/www.werbefreund24.de\/#website"},"datePublished":"2019-01-07T13:32:21+00:00","dateModified":"2020-03-13T10:54:12+00:00","description":"Feuerzeug Fire + Open oder Feuerezug Galant g\u00fcnstig bestellen - Werbeartikel Feuerzeuge bei Werbefreund24","breadcrumb":{"@id":"https:\/\/www.werbefreund24.de\/index.php\/feuerzeuge\/#breadcrumb"},"inLanguage":"de","potentialAction":[{"@type":"ReadAction","target":["https:\/\/www.werbefreund24.de\/index.php\/feuerzeuge\/"]}]},{"@type":"BreadcrumbList","@id":"https:\/\/www.werbefreund24.de\/index.php\/feuerzeuge\/#breadcrumb","itemListElement":[{"@type":"ListItem","position":1,"name":"Startseite","item":"https:\/\/www.werbefreund24.de\/"},{"@type":"ListItem","position":2,"name":"Feuerzeuge"}]},{"@type":"WebSite","@id":"https:\/\/www.werbefreund24.de\/#website","url":"https:\/\/www.werbefreund24.de\/","name":"Werbefreund24.de","description":"","publisher":{"@id":"https:\/\/www.werbefreund24.de\/#organization"},"potentialAction":[{"@type":"SearchAction","target":{"@type":"EntryPoint","urlTemplate":"https:\/\/www.werbefreund24.de\/?s={search_term_string}"},"query-input":"required name=search_term_string"}],"inLanguage":"de"},{"@type":"Organization","@id":"https:\/\/www.werbefreund24.de\/#organization","name":"Werbefreund24","url":"https:\/\/www.werbefreund24.de\/","logo":{"@type":"ImageObject","inLanguage":"de","@id":"https:\/\/www.werbefreund24.de\/#\/schema\/logo\/image\/","url":"https:\/\/www.werbefreund24.de\/wp-content\/uploads\/2018\/05\/wf-klein.jpg","contentUrl":"https:\/\/www.werbefreund24.de\/wp-content\/uploads\/2018\/05\/wf-klein.jpg","width":257,"height":41,"caption":"Werbefreund24"},"image":{"@id":"https:\/\/www.werbefreund24.de\/#\/schema\/logo\/image\/"}}]}},"_links":{"self":[{"href":"https:\/\/www.werbefreund24.de\/index.php\/wp-json\/wp\/v2\/pages\/733"}],"collection":[{"href":"https:\/\/www.werbefreund24.de\/index.php\/wp-json\/wp\/v2\/pages"}],"about":[{"href":"https:\/\/www.werbefreund24.de\/index.php\/wp-json\/wp\/v2\/types\/page"}],"author":[{"embeddable":true,"href":"https:\/\/www.werbefreund24.de\/index.php\/wp-json\/wp\/v2\/users\/2"}],"replies":[{"embeddable":true,"href":"https:\/\/www.werbefreund24.de\/index.php\/wp-json\/wp\/v2\/comments?post=733"}],"version-history":[{"count":10,"href":"https:\/\/www.werbefreund24.de\/index.php\/wp-json\/wp\/v2\/pages\/733\/revisions"}],"predecessor-version":[{"id":1480,"href":"https:\/\/www.werbefreund24.de\/index.php\/wp-json\/wp\/v2\/pages\/733\/revisions\/1480"}],"wp:attachment":[{"href":"https:\/\/www.werbefreund24.de\/index.php\/wp-json\/wp\/v2\/media?parent=733"}],"curies":[{"name":"wp","href":"https:\/\/api.w.org\/{rel}","templated":true}]}}