{"id":62,"date":"2018-02-08T23:21:34","date_gmt":"2018-02-08T23:21:34","guid":{"rendered":"http:\/\/192.168.56.102\/?page_id=62"},"modified":"2020-02-04T10:42:27","modified_gmt":"2020-02-04T10:42:27","slug":"kontaktformular","status":"publish","type":"page","link":"https:\/\/www.werbefreund24.de\/index.php\/kontaktformular\/","title":{"rendered":"Kontaktformular"},"content":{"rendered":"<p><strong><span style=\"color: #265065;\">Werbefreund 24 GmbH<br \/>\n<\/span><\/strong>Malteserring 51<br \/>\n78056 VS-Weigheim<br \/>\nTel.: 08000 \/ 22 55 236<br \/>\nFax: 08000 \/ 12 56 89<\/p>\n<p><a href=\"http:\/\/www.werbefreund24.de\/\" target=\"_blank\" rel=\"noopener noreferrer\">http:\/\/www.werbefreund24.de<\/a><br \/>\n<a href=\"mailto:info@werbefreund24.de\">info@werbefreund24.de<\/a><\/p>\n<p>Haben Sie Fragen zu Werbeaufdruck, Grafik, Layout oder Sonstigem?<br \/>\nSie wissen nicht, welche M\u00f6glichkeiten Ihnen bei der Werbeanbringung offen stehen?<br \/>\nUnser Team steht Ihnen gerne auch telefonisch f\u00fcr eine pers\u00f6nliche Beratung zur Verf\u00fcgung.<\/p>\n<p>Unsere kostenlose Hotline 08000 \/ 22 55 236!<\/p>\n<p>Ihre Email-Anfrage wird nat\u00fcrlich auch umgehend bearbeitet.<\/p>\n<p>&nbsp;<\/p>\n\n<div class=\"wpcf7 no-js\" id=\"wpcf7-f144-o1\" lang=\"de-DE\" dir=\"ltr\">\n<div class=\"screen-reader-response\"><p role=\"status\" aria-live=\"polite\" aria-atomic=\"true\"><\/p> <ul><\/ul><\/div>\n<form action=\"\/index.php\/wp-json\/wp\/v2\/pages\/62#wpcf7-f144-o1\" method=\"post\" class=\"wpcf7-form init wpcf7-acceptance-as-validation\" aria-label=\"Kontaktformular\" novalidate=\"novalidate\" data-status=\"init\">\n<div style=\"display: none;\">\n<input type=\"hidden\" name=\"_wpcf7\" value=\"144\" \/>\n<input type=\"hidden\" name=\"_wpcf7_version\" value=\"5.7.4\" \/>\n<input type=\"hidden\" name=\"_wpcf7_locale\" value=\"de_DE\" \/>\n<input type=\"hidden\" name=\"_wpcf7_unit_tag\" value=\"wpcf7-f144-o1\" \/>\n<input type=\"hidden\" name=\"_wpcf7_container_post\" value=\"0\" \/>\n<input type=\"hidden\" name=\"_wpcf7_posted_data_hash\" value=\"\" \/>\n<input type=\"hidden\" name=\"_wpcf7cf_hidden_group_fields\" value=\"[]\" \/>\n<input type=\"hidden\" name=\"_wpcf7cf_hidden_groups\" value=\"[]\" \/>\n<input type=\"hidden\" name=\"_wpcf7cf_visible_groups\" value=\"[]\" \/>\n<input type=\"hidden\" name=\"_wpcf7cf_repeaters\" value=\"[]\" \/>\n<input type=\"hidden\" name=\"_wpcf7cf_steps\" value=\"{}\" \/>\n<input type=\"hidden\" name=\"_wpcf7cf_options\" value=\"{&quot;form_id&quot;:144,&quot;conditions&quot;:[],&quot;settings&quot;:{&quot;animation&quot;:&quot;yes&quot;,&quot;animation_intime&quot;:200,&quot;animation_outtime&quot;:200,&quot;conditions_ui&quot;:&quot;normal&quot;,&quot;notice_dismissed&quot;:false,&quot;notice_dismissed_update-cf7-5.8.5&quot;:true}}\" \/>\n<input type=\"hidden\" name=\"_wpcf7_recaptcha_response\" value=\"\" \/>\n<\/div>\n<p><label> Namen eingeben:<br \/>\n<span class=\"wpcf7-form-control-wrap\" data-name=\"your-name\"><input size=\"40\" class=\"wpcf7-form-control wpcf7-text wpcf7-validates-as-required\" aria-required=\"true\" aria-invalid=\"false\" value=\"\" type=\"text\" name=\"your-name\" \/><\/span> <\/label>\n<\/p>\n<p><label> E-Mail-Adresse:<br \/>\n<span class=\"wpcf7-form-control-wrap\" data-name=\"your-email\"><input size=\"40\" class=\"wpcf7-form-control wpcf7-text wpcf7-email wpcf7-validates-as-required wpcf7-validates-as-email\" aria-required=\"true\" aria-invalid=\"false\" value=\"\" type=\"email\" name=\"your-email\" \/><\/span> <\/label>\n<\/p>\n<p><label> Betreff<br \/>\n<span class=\"wpcf7-form-control-wrap\" data-name=\"your-subject\"><input size=\"40\" class=\"wpcf7-form-control wpcf7-text wpcf7-validates-as-required\" aria-required=\"true\" aria-invalid=\"false\" value=\"\" type=\"text\" name=\"your-subject\" \/><\/span> <\/label>\n<\/p>\n<p><label> Nachricht<br \/>\n<span class=\"wpcf7-form-control-wrap\" data-name=\"your-message\"><textarea cols=\"40\" rows=\"10\" class=\"wpcf7-form-control wpcf7-textarea wpcf7-validates-as-required\" aria-required=\"true\" aria-invalid=\"false\" name=\"your-message\"><\/textarea><\/span> <\/label>\n<\/p>\n<p><span class=\"wpcf7-form-control-wrap\" data-name=\"zustimmung\"><span class=\"wpcf7-form-control wpcf7-acceptance\"><span class=\"wpcf7-list-item\"><label><input type=\"checkbox\" name=\"zustimmung\" value=\"1\" aria-invalid=\"false\" \/><span class=\"wpcf7-list-item-label\">Ich habe die <a href=\"http:\/\/www.werbefreund24.de\/index.php\/datenschutz\/\">Datenschutzerkl\u00e4rung<\/a> zur Kenntnis genommen und akzeptiert.\nIch stimme zu, dass meine Formularangaben zur Kontaktaufnahme bzw. zur Bearbeitung meines Anliegens gespeichert werden.<\/span><\/label><\/span><\/span><\/span>\n<\/p>\n<p><input class=\"wpcf7-form-control has-spinner wpcf7-submit\" type=\"submit\" value=\"Senden\" \/>\n<\/p><div class=\"wpcf7-response-output\" aria-hidden=\"true\"><\/div>\n<\/form>\n<\/div>\n\n<p>&nbsp;<\/p>\n<p>&nbsp;<\/p>\n","protected":false},"excerpt":{"rendered":"<p>Werbefreund 24 GmbH Malteserring 51 78056 VS-Weigheim <a class=\"more-link\" href=\"https:\/\/www.werbefreund24.de\/index.php\/kontaktformular\/\">weiterlesen&#8230;<\/a><\/p>\n","protected":false},"author":1,"featured_media":0,"parent":0,"menu_order":0,"comment_status":"closed","ping_status":"closed","template":"","meta":[],"yoast_head":"<!-- This site is optimized with the Yoast SEO plugin v20.2.1 - https:\/\/yoast.com\/wordpress\/plugins\/seo\/ -->\n<title>Kontaktformular - Werbefreund24.de<\/title>\n<meta name=\"description\" content=\"Haben Sie Fragen zu Werbeaufdruck, Grafik, Layout oder Sonstigem? Sie wissen nicht, welche M\u00f6glichkeiten Ihnen bei der Werbeanbringung offen stehen? Unser Team steht Ihnen gerne auch telefonisch f\u00fcr eine pers\u00f6nliche Beratung zur Verf\u00fcgung.\" \/>\n<meta name=\"robots\" content=\"index, follow, max-snippet:-1, max-image-preview:large, max-video-preview:-1\" \/>\n<link rel=\"canonical\" href=\"https:\/\/www.werbefreund24.de\/index.php\/kontaktformular\/\" \/>\n<meta property=\"og:locale\" content=\"de_DE\" \/>\n<meta property=\"og:type\" content=\"article\" \/>\n<meta property=\"og:title\" content=\"Kontaktformular - Werbefreund24.de\" \/>\n<meta property=\"og:description\" content=\"Haben Sie Fragen zu Werbeaufdruck, Grafik, Layout oder Sonstigem? Sie wissen nicht, welche M\u00f6glichkeiten Ihnen bei der Werbeanbringung offen stehen? Unser Team steht Ihnen gerne auch telefonisch f\u00fcr eine pers\u00f6nliche Beratung zur Verf\u00fcgung.\" \/>\n<meta property=\"og:url\" content=\"https:\/\/www.werbefreund24.de\/index.php\/kontaktformular\/\" \/>\n<meta property=\"og:site_name\" content=\"Werbefreund24.de\" \/>\n<meta property=\"article:modified_time\" content=\"2020-02-04T10:42:27+00:00\" \/>\n<meta name=\"twitter:card\" content=\"summary_large_image\" \/>\n<script type=\"application\/ld+json\" class=\"yoast-schema-graph\">{\"@context\":\"https:\/\/schema.org\",\"@graph\":[{\"@type\":\"WebPage\",\"@id\":\"https:\/\/www.werbefreund24.de\/index.php\/kontaktformular\/\",\"url\":\"https:\/\/www.werbefreund24.de\/index.php\/kontaktformular\/\",\"name\":\"Kontaktformular - Werbefreund24.de\",\"isPartOf\":{\"@id\":\"https:\/\/www.werbefreund24.de\/#website\"},\"datePublished\":\"2018-02-08T23:21:34+00:00\",\"dateModified\":\"2020-02-04T10:42:27+00:00\",\"description\":\"Haben Sie Fragen zu Werbeaufdruck, Grafik, Layout oder Sonstigem? Sie wissen nicht, welche M\u00f6glichkeiten Ihnen bei der Werbeanbringung offen stehen? Unser Team steht Ihnen gerne auch telefonisch f\u00fcr eine pers\u00f6nliche Beratung zur Verf\u00fcgung.\",\"breadcrumb\":{\"@id\":\"https:\/\/www.werbefreund24.de\/index.php\/kontaktformular\/#breadcrumb\"},\"inLanguage\":\"de\",\"potentialAction\":[{\"@type\":\"ReadAction\",\"target\":[\"https:\/\/www.werbefreund24.de\/index.php\/kontaktformular\/\"]}]},{\"@type\":\"BreadcrumbList\",\"@id\":\"https:\/\/www.werbefreund24.de\/index.php\/kontaktformular\/#breadcrumb\",\"itemListElement\":[{\"@type\":\"ListItem\",\"position\":1,\"name\":\"Startseite\",\"item\":\"https:\/\/www.werbefreund24.de\/\"},{\"@type\":\"ListItem\",\"position\":2,\"name\":\"Kontaktformular\"}]},{\"@type\":\"WebSite\",\"@id\":\"https:\/\/www.werbefreund24.de\/#website\",\"url\":\"https:\/\/www.werbefreund24.de\/\",\"name\":\"Werbefreund24.de\",\"description\":\"\",\"publisher\":{\"@id\":\"https:\/\/www.werbefreund24.de\/#organization\"},\"potentialAction\":[{\"@type\":\"SearchAction\",\"target\":{\"@type\":\"EntryPoint\",\"urlTemplate\":\"https:\/\/www.werbefreund24.de\/?s={search_term_string}\"},\"query-input\":\"required name=search_term_string\"}],\"inLanguage\":\"de\"},{\"@type\":\"Organization\",\"@id\":\"https:\/\/www.werbefreund24.de\/#organization\",\"name\":\"Werbefreund24\",\"url\":\"https:\/\/www.werbefreund24.de\/\",\"logo\":{\"@type\":\"ImageObject\",\"inLanguage\":\"de\",\"@id\":\"https:\/\/www.werbefreund24.de\/#\/schema\/logo\/image\/\",\"url\":\"https:\/\/www.werbefreund24.de\/wp-content\/uploads\/2018\/05\/wf-klein.jpg\",\"contentUrl\":\"https:\/\/www.werbefreund24.de\/wp-content\/uploads\/2018\/05\/wf-klein.jpg\",\"width\":257,\"height\":41,\"caption\":\"Werbefreund24\"},\"image\":{\"@id\":\"https:\/\/www.werbefreund24.de\/#\/schema\/logo\/image\/\"}}]}<\/script>\n<!-- \/ Yoast SEO plugin. -->","yoast_head_json":{"title":"Kontaktformular - Werbefreund24.de","description":"Haben Sie Fragen zu Werbeaufdruck, Grafik, Layout oder Sonstigem? Sie wissen nicht, welche M\u00f6glichkeiten Ihnen bei der Werbeanbringung offen stehen? Unser Team steht Ihnen gerne auch telefonisch f\u00fcr eine pers\u00f6nliche Beratung zur Verf\u00fcgung.","robots":{"index":"index","follow":"follow","max-snippet":"max-snippet:-1","max-image-preview":"max-image-preview:large","max-video-preview":"max-video-preview:-1"},"canonical":"https:\/\/www.werbefreund24.de\/index.php\/kontaktformular\/","og_locale":"de_DE","og_type":"article","og_title":"Kontaktformular - Werbefreund24.de","og_description":"Haben Sie Fragen zu Werbeaufdruck, Grafik, Layout oder Sonstigem? Sie wissen nicht, welche M\u00f6glichkeiten Ihnen bei der Werbeanbringung offen stehen? Unser Team steht Ihnen gerne auch telefonisch f\u00fcr eine pers\u00f6nliche Beratung zur Verf\u00fcgung.","og_url":"https:\/\/www.werbefreund24.de\/index.php\/kontaktformular\/","og_site_name":"Werbefreund24.de","article_modified_time":"2020-02-04T10:42:27+00:00","twitter_card":"summary_large_image","schema":{"@context":"https:\/\/schema.org","@graph":[{"@type":"WebPage","@id":"https:\/\/www.werbefreund24.de\/index.php\/kontaktformular\/","url":"https:\/\/www.werbefreund24.de\/index.php\/kontaktformular\/","name":"Kontaktformular - Werbefreund24.de","isPartOf":{"@id":"https:\/\/www.werbefreund24.de\/#website"},"datePublished":"2018-02-08T23:21:34+00:00","dateModified":"2020-02-04T10:42:27+00:00","description":"Haben Sie Fragen zu Werbeaufdruck, Grafik, Layout oder Sonstigem? Sie wissen nicht, welche M\u00f6glichkeiten Ihnen bei der Werbeanbringung offen stehen? Unser Team steht Ihnen gerne auch telefonisch f\u00fcr eine pers\u00f6nliche Beratung zur Verf\u00fcgung.","breadcrumb":{"@id":"https:\/\/www.werbefreund24.de\/index.php\/kontaktformular\/#breadcrumb"},"inLanguage":"de","potentialAction":[{"@type":"ReadAction","target":["https:\/\/www.werbefreund24.de\/index.php\/kontaktformular\/"]}]},{"@type":"BreadcrumbList","@id":"https:\/\/www.werbefreund24.de\/index.php\/kontaktformular\/#breadcrumb","itemListElement":[{"@type":"ListItem","position":1,"name":"Startseite","item":"https:\/\/www.werbefreund24.de\/"},{"@type":"ListItem","position":2,"name":"Kontaktformular"}]},{"@type":"WebSite","@id":"https:\/\/www.werbefreund24.de\/#website","url":"https:\/\/www.werbefreund24.de\/","name":"Werbefreund24.de","description":"","publisher":{"@id":"https:\/\/www.werbefreund24.de\/#organization"},"potentialAction":[{"@type":"SearchAction","target":{"@type":"EntryPoint","urlTemplate":"https:\/\/www.werbefreund24.de\/?s={search_term_string}"},"query-input":"required name=search_term_string"}],"inLanguage":"de"},{"@type":"Organization","@id":"https:\/\/www.werbefreund24.de\/#organization","name":"Werbefreund24","url":"https:\/\/www.werbefreund24.de\/","logo":{"@type":"ImageObject","inLanguage":"de","@id":"https:\/\/www.werbefreund24.de\/#\/schema\/logo\/image\/","url":"https:\/\/www.werbefreund24.de\/wp-content\/uploads\/2018\/05\/wf-klein.jpg","contentUrl":"https:\/\/www.werbefreund24.de\/wp-content\/uploads\/2018\/05\/wf-klein.jpg","width":257,"height":41,"caption":"Werbefreund24"},"image":{"@id":"https:\/\/www.werbefreund24.de\/#\/schema\/logo\/image\/"}}]}},"_links":{"self":[{"href":"https:\/\/www.werbefreund24.de\/index.php\/wp-json\/wp\/v2\/pages\/62"}],"collection":[{"href":"https:\/\/www.werbefreund24.de\/index.php\/wp-json\/wp\/v2\/pages"}],"about":[{"href":"https:\/\/www.werbefreund24.de\/index.php\/wp-json\/wp\/v2\/types\/page"}],"author":[{"embeddable":true,"href":"https:\/\/www.werbefreund24.de\/index.php\/wp-json\/wp\/v2\/users\/1"}],"replies":[{"embeddable":true,"href":"https:\/\/www.werbefreund24.de\/index.php\/wp-json\/wp\/v2\/comments?post=62"}],"version-history":[{"count":9,"href":"https:\/\/www.werbefreund24.de\/index.php\/wp-json\/wp\/v2\/pages\/62\/revisions"}],"predecessor-version":[{"id":1411,"href":"https:\/\/www.werbefreund24.de\/index.php\/wp-json\/wp\/v2\/pages\/62\/revisions\/1411"}],"wp:attachment":[{"href":"https:\/\/www.werbefreund24.de\/index.php\/wp-json\/wp\/v2\/media?parent=62"}],"curies":[{"name":"wp","href":"https:\/\/api.w.org\/{rel}","templated":true}]}}