{"id":56,"date":"2018-02-08T23:21:09","date_gmt":"2018-02-08T23:21:09","guid":{"rendered":"http:\/\/192.168.56.102\/?page_id=56"},"modified":"2018-05-25T12:54:58","modified_gmt":"2018-05-25T12:54:58","slug":"agbs","status":"publish","type":"page","link":"https:\/\/www.werbefreund24.de\/index.php\/agbs\/","title":{"rendered":"AGBs"},"content":{"rendered":"<p><span style=\"color: #265065;\"><strong>1. Anwendungsbereich der AGB<\/strong><\/span><br \/>\nEs gelten stets ausschlie\u00dflich unsere Allgemeinen Gesch\u00e4ftsbedingungen. Entgegenstehende oder abweichende Bedingungen werden nicht anerkannt, es sei denn, solchen Bestimmungen w\u00fcrden wir ausdr\u00fccklich im Einzelfall zustimmen. Die vorbehaltlose Ausf\u00fchrung von Vertr\u00e4gen, auch in Kenntnis entgegenstehender oder abweichender Bedingungen, ist keine Zustimmung zu diesen. Es gelten auch in diesem Fall ausschlie\u00dflich unsere Allgemeinen Gesch\u00e4ftsbedingungen.<\/p>\n<p><span style=\"color: #265065;\"><strong>2. Anwendbares Recht<\/strong><\/span><br \/>\nAuf s\u00e4mtliche Rechtsverh\u00e4ltnisse sowie auf diese Allgemeinen Gesch\u00e4ftsbedingungen findet ausschlie\u00dflich deutsches Recht Anwendung. Die Anwendung des UN-\u00dcbereinkommens \u00fcber Vertr\u00e4ge \u00fcber den internationalen Warenverkauf vom 11. April 1988 (UN-Kaufrecht, CISG) ist ausgeschlossen.<\/p>\n<p><span style=\"color: #265065;\"><strong>3. Erf\u00fcllungsort und Gerichtsstand<\/strong><\/span><br \/>\nErf\u00fcllungsort ist Villingen-Schwenningen. Gerichtsstand f\u00fcr alle Streitigkeiten zwischen den Parteien ist, wenn der K\u00e4ufer Kaufmann, juristische Personen des \u00f6ffentlichen Rechts oder \u00f6ffentlich-rechtliches Sonderverm\u00f6gen ist, Villingen-Schwenningen.<\/p>\n<p><span style=\"color: #265065;\"><strong>4. Korrekturabz\u00fcge<\/strong><\/span><br \/>\nW\u00fcnscht der K\u00e4ufer eine Bedruckung oder \u00c4tzung der bestellten Werbeartikel, erstellen wir unsere Korrekturabz\u00fcge entsprechend seiner Angaben auf dem Auftragsformular sowie den von ihm eingereichten Unterlagen (Visitenkarte, Briefkopf etc.). F\u00fcr jeden einzelnen bestellten Artikel, welcher bedruckt oder mit einer \u00c4tzung versehen werden soll, wird ein eigener Auszug erstellt.<\/p>\n<p>Der K\u00e4ufer ist zur Pr\u00fcfung der Korrekturabz\u00fcge verpflichtet, auch in Bezug auf ihre Vollst\u00e4ndigkeit. Wir bitten den K\u00e4ufer, die Korrekturabz\u00fcge zur Genehmigung mit seiner Unterschrift versehen zur\u00fcckzusenden. Hierf\u00fcr setzen wir dem K\u00e4ufer eine angemessene Frist (eine Woche).<br \/>\nSollte der K\u00e4ufer diese Frist verstreichen lassen, so gelten die Korrekturabz\u00fcge als genehmigt.<\/p>\n<p>Auf den Korrekturabz\u00fcgen weisen wir den K\u00e4ufer nochmals gesondert darauf hin, dass die Korrekturabz\u00fcge genehmigt sind, sobald die Frist abgelaufen ist, ohne dass der K\u00e4ufer sich zu den Korrekturabz\u00fcgen erkl\u00e4rt hat.<\/p>\n<p><span style=\"color: #265065;\"><strong>5. Rechte des K\u00e4ufers; Gew\u00e4hrleistung; Beschr\u00e4nkungen<\/strong><\/span><br \/>\nDer K\u00e4ufer hat bei jeder unserer Pflichtverletzungen, worunter auch die Lieferung einer mangelhaften Ware geh\u00f6rt, grunds\u00e4tzlich die Rechte, die ihm das B\u00fcrgerliche Gesetzbuch (BGB) einr\u00e4umt.<\/p>\n<p><span style=\"color: #265065;\"><strong>6. Abtretung von Gew\u00e4hrleistungsanspr\u00fcchen<\/strong><\/span><br \/>\nDem K\u00e4ufer werden m\u00f6gliche Gew\u00e4hrleistungsanspr\u00fcche gegen Hersteller bzw. Lieferanten abgetreten, sofern und soweit die Ware nicht von uns hergestellt wurde. Der K\u00e4ufer ist verpflichtet, im Gew\u00e4hrleistungsfall seine Anspr\u00fcche zun\u00e4chst gegen Hersteller bzw. Lieferanten geltend zu machen. Er kann erst dann Gew\u00e4hrleistungsanspr\u00fcche gegen uns geltend machen, sobald und soweit er seine Anspr\u00fcche gegen Hersteller bzw. Lieferanten erfolglos eingeklagt hat. Der K\u00e4ufer ist dann aber verpflichtet, die Gew\u00e4hrleistungsanspr\u00fcche an den Verk\u00e4ufer r\u00fcckabzutreten.<\/p>\n<p><span style=\"color: #265065;\"><strong>7. Gew\u00e4hrleistungsbeschr\u00e4nkungen<\/strong><\/span><br \/>\nMacht der K\u00e4ufer uns gegen\u00fcber Gew\u00e4hrleistungsanspr\u00fcche geltend, so hat er zun\u00e4chst nur das Recht auf Nacherf\u00fcllung, d.h. nach seiner Wahl ein Recht auf Mangelbeseitigung oder Lieferung einer mangelfreien Ware bzw. Erbringung einer mangelfreien Dienst- oder Werkleistung. Die f\u00fcr die Nacherf\u00fcllung erforderlichen Aufwendungen, insbesondere Transport-, Arbeits- und Materialkosten, haben wir zu tragen. Das Recht auf Nacherf\u00fcllung ist ausgeschlossen, wenn diese nur mit unverh\u00e4ltnism\u00e4\u00dfigen Kosten m\u00f6glich ist. Wir d\u00fcrfen bei mangelfreier Nacherf\u00fcllung R\u00fcckgew\u00e4hr der mangelhaften Ware oder anderer im Rahmen einer Dienst- oder Werkleistung gelieferter Teile verlangen.<\/p>\n<p>Der K\u00e4ufer darf eine Nachbesserung fr\u00fchestens nach dem zweiten Versuch als fehlgeschlagen ansehen.<\/p>\n<p>Erst wenn die Nacherf\u00fcllung fehlgeschlagen ist, kann der K\u00e4ufer vom Vertrag zur\u00fccktreten oder den die vereinbarte Verg\u00fctung bzw. den vereinbarten Kaufpreis mindern, au\u00dferdem Schadensersatz oder Ersatz vergeblicher Aufwendungen verlangen.<\/p>\n<p>Bei Erbringung einer Werkleistung darf der K\u00e4ufer stattdessen nach seiner Wahl auch den Mangel selbst beseitigen und Ersatz der erforderlichen Aufwendungen verlangen. Der K\u00e4ufer hat \u00fcber die oben genannten Rechte hinaus zudem die Rechte aus einer daneben bestehenden Garantie, zu den in der Garantie angegebenen Bedingungen und gegen\u00fcber demjenigen, der die Garantie einger\u00e4umt hat. Dies kann auch der Hersteller sein.<\/p>\n<p><span style=\"color: #265065;\"><strong>8. Erkl\u00e4rungsfrist in Gew\u00e4hrleistungsf\u00e4llen<\/strong><\/span><br \/>\nErkl\u00e4rt der K\u00e4ufer nach Fehlschlagen der Nacherf\u00fcllung, dass er R\u00fccktritt oder Minderung geltend macht, so hat er auf Verlangen binnen einer Frist von zwei Monaten zu erkl\u00e4ren, ob er dar\u00fcber hinaus Schadens- oder Aufwendungsersatz geltend machen m\u00f6chte. L\u00e4sst der K\u00e4ufer die Frist verstreichen, ohne sich zu erkl\u00e4ren, so verliert er das Recht, Schadens- oder Aufwendungsersatz zu verlangen.<\/p>\n<p>Erkl\u00e4rt der K\u00e4ufer nach Fehlschlagen der Nacherf\u00fcllung nur, dass er Schadens- oder Aufwendungsersatz geltend macht, so hat er auf Verlangen binnen einer Frist von zwei Monaten zu erkl\u00e4ren, ob er die gelieferte Ware behalten oder zur\u00fcckgeben m\u00f6chte. L\u00e4sst der K\u00e4ufer die Frist verstreichen, ohne sich zu erkl\u00e4ren, so verliert er das Recht, die Ware zur\u00fcckzugeben.<\/p>\n<p><strong><span style=\"color: #265065;\">9. R\u00fcgeobliegenheit; Gew\u00e4hrleistungsfristen<\/span><br \/>\n<\/strong>Ist der Kauf f\u00fcr beide Teile ein Handelsgesch\u00e4ft, so hat der K\u00e4ufer die Ware unverz\u00fcglich nach der Ablieferung durch den Verk\u00e4ufer, soweit dies nach ordnungsm\u00e4\u00dfigem Gesch\u00e4ftsgange tunlich ist, zu untersuchen und, wenn sich ein Mangel zeigt, dem Verk\u00e4ufer unverz\u00fcglich schriftlich Anzeige zu machen. Unterl\u00e4sst der K\u00e4ufer die Anzeige, so gilt die Ware als genehmigt, es sei denn, dass es sich um einen Mangel handelt, der beii der Untersuchung nicht erkennbar war.<\/p>\n<p>Zeigt sich sp\u00e4ter ein solcher Mangel, so muss die Anzeige unverz\u00fcglich nach der Entdeckung gemacht werden; anderenfalls gilt die Ware auch in Ansehung dieses Mangels als genehmigt.<\/p>\n<p>Letzteres gilt insbesondere auch in dem Fall, in dem der K\u00e4ufer, der die Ware weiterverkauft hat, eine neu hergestellte Sache in Folge ihrer Mangelhaftigkeit zur\u00fccknehmen musste oder der Kaufpreis gemindert wurde, wobei in einer Lieferkette der Letztabnehmer Verbraucher ist.<\/p>\n<p><span style=\"color: #265065;\"><strong>10. Haftungsbeschr\u00e4nkung, -ausschluss<\/strong><\/span><br \/>\nSoweit in diesen Allgemeinen Gesch\u00e4ftsbedingungen eine Haftung ausgeschlossen oder beschr\u00e4nkt ist, gilt dies auch f\u00fcr die pers\u00f6nliche Haftung der Verrichtungs- und Erf\u00fcllungsgehilfen sowie der Vertreter.<\/p>\n<p>Bei Sachm\u00e4ngeln haften wir nur f\u00fcr Vorsatz und grobe Fahrl\u00e4ssigkeit, es sei denn, der Mangel wurde arglistig verschwiegen, eine Garantie wurde f\u00fcr die Beschaffenheit der Sache \u00fcbernommen oder aber der Schaden beruht auf einer grob fahrl\u00e4ssigen oder vors\u00e4tzlichen Pflichtverletzung. Wir haften aber auf jeden Fall f\u00fcr Sch\u00e4den aus der Verletzung des Lebens, des K\u00f6rpers oder der Gesundheit.<\/p>\n<p>Auch in anderen F\u00e4llen haften wir nur f\u00fcr Vorsatz und grobe Fahrl\u00e4ssigkeit, es sei denn, Sch\u00e4den beruhen auf der Verletzung des Lebens, des K\u00f6rpers oder der Gesundheit oder es wurde eine Einstandspflicht im Sinne einer Garantie \u00fcbernommen.<\/p>\n<p><span style=\"color: #265065;\"><strong>11. Eigentumsvorbehalt<\/strong><\/span><br \/>\nDie gelieferte Ware wird erst dann Eigentum des K\u00e4ufers, wenn dieser den Preis der betreffenden Ware und au\u00dferdem s\u00e4mtliche Forderungen aus der laufenden Gesch\u00e4ftsbeziehung, soweit diese Forderungen aus der Lieferung von Waren herr\u00fchren, vollst\u00e4ndig bezahlt hat. Der K\u00e4ufer hat jedoch Anspruch auf \u00dcbereignung gelieferter Waren, sobald und soweit der Kaufpreis der gelieferten Waren 50 % der Summe der Forderungen aus der laufenden Gesch\u00e4ftsbeziehung \u00fcbersteigt; die Auswahl der zu \u00fcbereignenden Sicherheiten obliegt dabei dem Verk\u00e4ufer. (erweiterter Eigentumsvorbehalt)<\/p>\n<p><span style=\"color: #265065;\"><strong>Ist der K\u00e4ufer Kaufmann, so gilt weiter:<\/strong><\/span><br \/>\nTrotz der Tatsache, dass der K\u00e4ufer wegen des Eigentumsvorbehalts noch kein Eigentum an der Ware erworben hat, ist er berechtigt, die Ware im ordentlichen Gesch\u00e4ftsgang weiterzuverkaufen und weiter zu ver\u00e4u\u00dfern. Im Gegenzug tritt er uns bereits jetzt alle Forderungen ab, die ihm aus dem Weiterverkauf bzw. aus der Weiterver\u00e4u\u00dferung oder aus einem sonstigen Rechtsgrund gegen seine Abnehmer oder gegen Dritte erwachsen, einschlie\u00dflich Umsatzsteuer. Der K\u00e4ufer ist zur Einziehung der Forderungen erm\u00e4chtigt, solange er seinen Zahlungsverpflichtungen vertragsgem\u00e4\u00df nachkommt, insbesondere keine Zahlungseinstellung vorliegt, sowie kein Antrag auf Er\u00f6ffnung eines Insolvenzverfahrens gestellt ist. Ist einer der letztgenannten Umst\u00e4nde eingetreten, hat der K\u00e4ufer auf Verlangen alle Angaben zu machen, die zum Einzug der abgetretenen Forderungen erforderlich sind, die dazugeh\u00f6rigen Unterlagen auszuh\u00e4ndigen und den betreffenden Schuldnern (Dritten, K\u00e4ufern des K\u00e4ufers) die Abtretung anzuzeigen. (verl\u00e4ngerter Eigentumsvorbehalt)<\/p>\n<p><span style=\"color: #265065;\"><strong>12. Salvatorische Klausel<\/strong><\/span><br \/>\nSollten einzelne Bestimmungen dieser Allgemeinen Gesch\u00e4ftsbedingungen ganz oder teilweise nicht rechtswirksam sein oder rechtsunwirksam werden, so wird hiervon der Bestand und die G\u00fcltigkeit des Rechtsverh\u00e4ltnisses und der \u00fcbrigen Bestimmungen vorliegender Allgemeinen Gesch\u00e4ftsbedingungen grunds\u00e4tzlich nicht ber\u00fchrt. Gleiches gilt f\u00fcr anderweitige einzelne vertragliche Bestimmungen.<\/p>\n<p>F\u00fcr vorgenannte F\u00e4lle verpflichten sich die Parteien, anstelle jeder einzelnen unwirksamen Regelung solche zu vereinbaren, die, sofern rechtlich m\u00f6glich, den mit den unwirksamen Regelungen verfolgten wirtschaftlichen Zweck unter Ber\u00fccksichtigung der im bestehenden Rechtsverh\u00e4ltnis zum Ausdruck gekommenen Interessen am n\u00e4chsten kommt. Nur sofern eine Anpassung rechtlich nicht m\u00f6glich ist, gelten die gesetzlichen Vorschriften.<\/p>\n","protected":false},"excerpt":{"rendered":"<p>1. Anwendungsbereich der AGB Es gelten stets <a class=\"more-link\" href=\"https:\/\/www.werbefreund24.de\/index.php\/agbs\/\">weiterlesen&#8230;<\/a><\/p>\n","protected":false},"author":1,"featured_media":0,"parent":0,"menu_order":0,"comment_status":"closed","ping_status":"closed","template":"","meta":[],"yoast_head":"<!-- This site is optimized with the Yoast SEO plugin v20.2.1 - https:\/\/yoast.com\/wordpress\/plugins\/seo\/ -->\n<title>AGBs - Werbefreund24.de<\/title>\n<meta name=\"description\" content=\"Es gelten stets ausschlie\u00dflich unsere AGBs Entgegenstehende oder abweichende Bedingungen werden nicht anerkannt, es sei denn, solchen Bestimmungen w\u00fcrden wir ausdr\u00fccklich im Einzelfall zustimmen.\" \/>\n<meta name=\"robots\" content=\"index, follow, max-snippet:-1, max-image-preview:large, max-video-preview:-1\" \/>\n<link rel=\"canonical\" href=\"https:\/\/www.werbefreund24.de\/index.php\/agbs\/\" \/>\n<meta property=\"og:locale\" content=\"de_DE\" \/>\n<meta property=\"og:type\" content=\"article\" \/>\n<meta property=\"og:title\" content=\"AGBs - Werbefreund24.de\" \/>\n<meta property=\"og:description\" content=\"Es gelten stets ausschlie\u00dflich unsere AGBs Entgegenstehende oder abweichende Bedingungen werden nicht anerkannt, es sei denn, solchen Bestimmungen w\u00fcrden wir ausdr\u00fccklich im Einzelfall zustimmen.\" \/>\n<meta property=\"og:url\" content=\"https:\/\/www.werbefreund24.de\/index.php\/agbs\/\" \/>\n<meta property=\"og:site_name\" content=\"Werbefreund24.de\" \/>\n<meta property=\"article:modified_time\" content=\"2018-05-25T12:54:58+00:00\" \/>\n<meta name=\"twitter:card\" content=\"summary_large_image\" \/>\n<meta name=\"twitter:label1\" content=\"Gesch\u00e4tzte Lesezeit\" \/>\n\t<meta name=\"twitter:data1\" content=\"7\u00a0Minuten\" \/>\n<script type=\"application\/ld+json\" class=\"yoast-schema-graph\">{\"@context\":\"https:\/\/schema.org\",\"@graph\":[{\"@type\":\"WebPage\",\"@id\":\"https:\/\/www.werbefreund24.de\/index.php\/agbs\/\",\"url\":\"https:\/\/www.werbefreund24.de\/index.php\/agbs\/\",\"name\":\"AGBs - Werbefreund24.de\",\"isPartOf\":{\"@id\":\"https:\/\/www.werbefreund24.de\/#website\"},\"datePublished\":\"2018-02-08T23:21:09+00:00\",\"dateModified\":\"2018-05-25T12:54:58+00:00\",\"description\":\"Es gelten stets ausschlie\u00dflich unsere AGBs Entgegenstehende oder abweichende Bedingungen werden nicht anerkannt, es sei denn, solchen Bestimmungen w\u00fcrden wir ausdr\u00fccklich im Einzelfall zustimmen.\",\"breadcrumb\":{\"@id\":\"https:\/\/www.werbefreund24.de\/index.php\/agbs\/#breadcrumb\"},\"inLanguage\":\"de\",\"potentialAction\":[{\"@type\":\"ReadAction\",\"target\":[\"https:\/\/www.werbefreund24.de\/index.php\/agbs\/\"]}]},{\"@type\":\"BreadcrumbList\",\"@id\":\"https:\/\/www.werbefreund24.de\/index.php\/agbs\/#breadcrumb\",\"itemListElement\":[{\"@type\":\"ListItem\",\"position\":1,\"name\":\"Startseite\",\"item\":\"https:\/\/www.werbefreund24.de\/\"},{\"@type\":\"ListItem\",\"position\":2,\"name\":\"AGBs\"}]},{\"@type\":\"WebSite\",\"@id\":\"https:\/\/www.werbefreund24.de\/#website\",\"url\":\"https:\/\/www.werbefreund24.de\/\",\"name\":\"Werbefreund24.de\",\"description\":\"\",\"publisher\":{\"@id\":\"https:\/\/www.werbefreund24.de\/#organization\"},\"potentialAction\":[{\"@type\":\"SearchAction\",\"target\":{\"@type\":\"EntryPoint\",\"urlTemplate\":\"https:\/\/www.werbefreund24.de\/?s={search_term_string}\"},\"query-input\":\"required name=search_term_string\"}],\"inLanguage\":\"de\"},{\"@type\":\"Organization\",\"@id\":\"https:\/\/www.werbefreund24.de\/#organization\",\"name\":\"Werbefreund24\",\"url\":\"https:\/\/www.werbefreund24.de\/\",\"logo\":{\"@type\":\"ImageObject\",\"inLanguage\":\"de\",\"@id\":\"https:\/\/www.werbefreund24.de\/#\/schema\/logo\/image\/\",\"url\":\"https:\/\/www.werbefreund24.de\/wp-content\/uploads\/2018\/05\/wf-klein.jpg\",\"contentUrl\":\"https:\/\/www.werbefreund24.de\/wp-content\/uploads\/2018\/05\/wf-klein.jpg\",\"width\":257,\"height\":41,\"caption\":\"Werbefreund24\"},\"image\":{\"@id\":\"https:\/\/www.werbefreund24.de\/#\/schema\/logo\/image\/\"}}]}<\/script>\n<!-- \/ Yoast SEO plugin. -->","yoast_head_json":{"title":"AGBs - Werbefreund24.de","description":"Es gelten stets ausschlie\u00dflich unsere AGBs Entgegenstehende oder abweichende Bedingungen werden nicht anerkannt, es sei denn, solchen Bestimmungen w\u00fcrden wir ausdr\u00fccklich im Einzelfall zustimmen.","robots":{"index":"index","follow":"follow","max-snippet":"max-snippet:-1","max-image-preview":"max-image-preview:large","max-video-preview":"max-video-preview:-1"},"canonical":"https:\/\/www.werbefreund24.de\/index.php\/agbs\/","og_locale":"de_DE","og_type":"article","og_title":"AGBs - Werbefreund24.de","og_description":"Es gelten stets ausschlie\u00dflich unsere AGBs Entgegenstehende oder abweichende Bedingungen werden nicht anerkannt, es sei denn, solchen Bestimmungen w\u00fcrden wir ausdr\u00fccklich im Einzelfall zustimmen.","og_url":"https:\/\/www.werbefreund24.de\/index.php\/agbs\/","og_site_name":"Werbefreund24.de","article_modified_time":"2018-05-25T12:54:58+00:00","twitter_card":"summary_large_image","twitter_misc":{"Gesch\u00e4tzte Lesezeit":"7\u00a0Minuten"},"schema":{"@context":"https:\/\/schema.org","@graph":[{"@type":"WebPage","@id":"https:\/\/www.werbefreund24.de\/index.php\/agbs\/","url":"https:\/\/www.werbefreund24.de\/index.php\/agbs\/","name":"AGBs - Werbefreund24.de","isPartOf":{"@id":"https:\/\/www.werbefreund24.de\/#website"},"datePublished":"2018-02-08T23:21:09+00:00","dateModified":"2018-05-25T12:54:58+00:00","description":"Es gelten stets ausschlie\u00dflich unsere AGBs Entgegenstehende oder abweichende Bedingungen werden nicht anerkannt, es sei denn, solchen Bestimmungen w\u00fcrden wir ausdr\u00fccklich im Einzelfall zustimmen.","breadcrumb":{"@id":"https:\/\/www.werbefreund24.de\/index.php\/agbs\/#breadcrumb"},"inLanguage":"de","potentialAction":[{"@type":"ReadAction","target":["https:\/\/www.werbefreund24.de\/index.php\/agbs\/"]}]},{"@type":"BreadcrumbList","@id":"https:\/\/www.werbefreund24.de\/index.php\/agbs\/#breadcrumb","itemListElement":[{"@type":"ListItem","position":1,"name":"Startseite","item":"https:\/\/www.werbefreund24.de\/"},{"@type":"ListItem","position":2,"name":"AGBs"}]},{"@type":"WebSite","@id":"https:\/\/www.werbefreund24.de\/#website","url":"https:\/\/www.werbefreund24.de\/","name":"Werbefreund24.de","description":"","publisher":{"@id":"https:\/\/www.werbefreund24.de\/#organization"},"potentialAction":[{"@type":"SearchAction","target":{"@type":"EntryPoint","urlTemplate":"https:\/\/www.werbefreund24.de\/?s={search_term_string}"},"query-input":"required name=search_term_string"}],"inLanguage":"de"},{"@type":"Organization","@id":"https:\/\/www.werbefreund24.de\/#organization","name":"Werbefreund24","url":"https:\/\/www.werbefreund24.de\/","logo":{"@type":"ImageObject","inLanguage":"de","@id":"https:\/\/www.werbefreund24.de\/#\/schema\/logo\/image\/","url":"https:\/\/www.werbefreund24.de\/wp-content\/uploads\/2018\/05\/wf-klein.jpg","contentUrl":"https:\/\/www.werbefreund24.de\/wp-content\/uploads\/2018\/05\/wf-klein.jpg","width":257,"height":41,"caption":"Werbefreund24"},"image":{"@id":"https:\/\/www.werbefreund24.de\/#\/schema\/logo\/image\/"}}]}},"_links":{"self":[{"href":"https:\/\/www.werbefreund24.de\/index.php\/wp-json\/wp\/v2\/pages\/56"}],"collection":[{"href":"https:\/\/www.werbefreund24.de\/index.php\/wp-json\/wp\/v2\/pages"}],"about":[{"href":"https:\/\/www.werbefreund24.de\/index.php\/wp-json\/wp\/v2\/types\/page"}],"author":[{"embeddable":true,"href":"https:\/\/www.werbefreund24.de\/index.php\/wp-json\/wp\/v2\/users\/1"}],"replies":[{"embeddable":true,"href":"https:\/\/www.werbefreund24.de\/index.php\/wp-json\/wp\/v2\/comments?post=56"}],"version-history":[{"count":5,"href":"https:\/\/www.werbefreund24.de\/index.php\/wp-json\/wp\/v2\/pages\/56\/revisions"}],"predecessor-version":[{"id":626,"href":"https:\/\/www.werbefreund24.de\/index.php\/wp-json\/wp\/v2\/pages\/56\/revisions\/626"}],"wp:attachment":[{"href":"https:\/\/www.werbefreund24.de\/index.php\/wp-json\/wp\/v2\/media?parent=56"}],"curies":[{"name":"wp","href":"https:\/\/api.w.org\/{rel}","templated":true}]}}