{"id":1777,"date":"2023-03-31T07:38:07","date_gmt":"2023-03-31T07:38:07","guid":{"rendered":"https:\/\/www.werbefreund24.de\/?page_id=1777"},"modified":"2023-04-04T07:40:28","modified_gmt":"2023-04-04T07:40:28","slug":"einkaufswagenloeser","status":"publish","type":"page","link":"https:\/\/www.werbefreund24.de\/index.php\/einkaufswagenloeser\/","title":{"rendered":"Einkaufswagenl\u00f6ser ab 1,99\u20ac"},"content":{"rendered":"<p><img loading=\"lazy\" class=\"wp-image-1778 size-full alignnone\" src=\"https:\/\/www.werbefreund24.de\/wp-content\/uploads\/2023\/03\/Einkaufswagenloeser.jpg\" alt=\"\" width=\"600\" height=\"300\" srcset=\"https:\/\/www.werbefreund24.de\/wp-content\/uploads\/2023\/03\/Einkaufswagenloeser.jpg 600w, https:\/\/www.werbefreund24.de\/wp-content\/uploads\/2023\/03\/Einkaufswagenloeser-300x150.jpg 300w\" sizes=\"(max-width: 600px) 100vw, 600px\" \/><\/p>\n<p>Einkaufswagenl\u00f6ser-Schl\u00fcsselanh\u00e4nger aus Aluminium mit stabilem Schl\u00fcsselring.<\/p>\n<p><span style=\"color: #265065;\"><strong>Produktfarbe:<\/strong><\/span><br \/>\n<span style=\"color: #265065;\"><strong>450 001:<\/strong><\/span> Blau<br \/>\n<span style=\"color: #265065;\"><strong>450 002:<\/strong><\/span> Rot<br \/>\n<span style=\"color: #265065;\"><strong>450 003:<\/strong><\/span> Schwarz<br \/>\n<span style=\"color: #265065;\"><strong>450 004:<\/strong><\/span> Gr\u00fcn<\/p>\n<p><span style=\"color: #265065;\"><strong>Werbefl\u00e4che: <\/strong><\/span>40 x 9 mm<\/p>\n<p><span style=\"color: #265065;\"><strong>Werbetext wird mittels Lasergravur angebracht<\/strong><\/span><\/p>\n<table style=\"width: 90%; border-style: solid; border-color: #225065; border-collapse: collapse;\" border=\"2\">\n<tbody>\n<tr style=\"height: 19px;\">\n<td style=\"border-style: solid; border-color: #205065; width: 40%; height: 19px; text-align: center;\"><span style=\"color: #265065;\"><strong>St\u00fcckzahl\u00a0<\/strong><\/span><\/td>\n<td style=\"border-style: solid; border-color: #205065; width: 12,5%; height: 19px; text-align: center;\"><span style=\"color: #265065;\"><strong>250<\/strong><\/span><\/td>\n<\/tr>\n<tr style=\"height: 19px;\">\n<td style=\"border-style: solid; border-color: #205065; width: 40%; height: 19px; text-align: center;\"><strong>Preis je St\u00fcck<\/strong><\/td>\n<td style=\"border-style: solid; border-color: #205065; width: 12,5%; height: 19px; text-align: center;\"><strong>1,99\u20ac<\/strong><\/td>\n<\/tr>\n<\/tbody>\n<\/table>\n<p><span style=\"color: #ff0000;\"><strong>Muster bitte telefonisch erfragen.<\/strong><\/span><\/p>\n<p><span style=\"color: #265065;\"><strong>Keine versteckten Kosten!!!<\/strong><\/span><\/p>\n<p><span style=\"color: #265065;\"><strong>Lasergravuren verstehen sich inkl. Einrichtung, Satz, Gestaltung und Korrekturabzug<\/strong><\/span><\/p>\n<p><img loading=\"lazy\" class=\"size-full wp-image-380 alignnone\" src=\"http:\/\/www.werbefreund24.de\/wp-content\/uploads\/2018\/05\/trenner.jpg\" alt=\"\" width=\"1200\" height=\"5\" srcset=\"https:\/\/www.werbefreund24.de\/wp-content\/uploads\/2018\/05\/trenner.jpg 1200w, https:\/\/www.werbefreund24.de\/wp-content\/uploads\/2018\/05\/trenner-300x1.jpg 300w, https:\/\/www.werbefreund24.de\/wp-content\/uploads\/2018\/05\/trenner-768x3.jpg 768w, https:\/\/www.werbefreund24.de\/wp-content\/uploads\/2018\/05\/trenner-1024x4.jpg 1024w\" sizes=\"(max-width: 1200px) 100vw, 1200px\" \/><\/p>\n<h4 style=\"text-align: center;\"><span style=\"color: #265065;\"><strong>Jetzt direkt per Bestellformular bestellen<\/strong><\/span><\/h4>\n<table style=\"background-color: #457689;\">\n<tbody>\n<tr>\n<td>\n<div class=\"wpcf7 no-js\" id=\"wpcf7-f1782-o1\" lang=\"de-DE\" dir=\"ltr\">\n<div class=\"screen-reader-response\"><p role=\"status\" aria-live=\"polite\" aria-atomic=\"true\"><\/p> <ul><\/ul><\/div>\n<form action=\"\/index.php\/wp-json\/wp\/v2\/pages\/1777#wpcf7-f1782-o1\" method=\"post\" class=\"wpcf7-form init wpcf7-acceptance-as-validation\" aria-label=\"Kontaktformular\" enctype=\"multipart\/form-data\" novalidate=\"novalidate\" data-status=\"init\">\n<div style=\"display: none;\">\n<input type=\"hidden\" name=\"_wpcf7\" value=\"1782\" \/>\n<input type=\"hidden\" name=\"_wpcf7_version\" value=\"5.7.4\" \/>\n<input type=\"hidden\" name=\"_wpcf7_locale\" value=\"de_DE\" \/>\n<input type=\"hidden\" name=\"_wpcf7_unit_tag\" value=\"wpcf7-f1782-o1\" \/>\n<input type=\"hidden\" name=\"_wpcf7_container_post\" value=\"0\" \/>\n<input type=\"hidden\" name=\"_wpcf7_posted_data_hash\" value=\"\" \/>\n<input type=\"hidden\" name=\"_wpcf7cf_hidden_group_fields\" value=\"[]\" \/>\n<input type=\"hidden\" name=\"_wpcf7cf_hidden_groups\" value=\"[]\" \/>\n<input type=\"hidden\" name=\"_wpcf7cf_visible_groups\" value=\"[]\" \/>\n<input type=\"hidden\" name=\"_wpcf7cf_repeaters\" value=\"[]\" \/>\n<input type=\"hidden\" name=\"_wpcf7cf_steps\" value=\"{}\" \/>\n<input type=\"hidden\" name=\"_wpcf7cf_options\" value=\"{&quot;form_id&quot;:1782,&quot;conditions&quot;:[{&quot;then_field&quot;:&quot;logowunsch-selected&quot;,&quot;and_rules&quot;:[{&quot;if_field&quot;:&quot;Logowunsch&quot;,&quot;operator&quot;:&quot;equals&quot;,&quot;if_value&quot;:&quot;Ja (zzgl. + 25 Euro)&quot;}]},{&quot;then_field&quot;:&quot;Stueckzahl-selected&quot;,&quot;and_rules&quot;:[{&quot;if_field&quot;:&quot;-1&quot;,&quot;operator&quot;:&quot;equals&quot;,&quot;if_value&quot;:&quot;&quot;}]}],&quot;settings&quot;:{&quot;animation&quot;:&quot;yes&quot;,&quot;animation_intime&quot;:200,&quot;animation_outtime&quot;:200,&quot;conditions_ui&quot;:&quot;normal&quot;,&quot;notice_dismissed&quot;:false,&quot;notice_dismissed_update-cf7-5.8.5&quot;:true}}\" \/>\n<input type=\"hidden\" name=\"_wpcf7_recaptcha_response\" value=\"\" \/>\n<\/div>\n<p><span style=\"color: #ffffff;\"><strong>Welche Produktfarbe?<\/strong><\/span><br \/>\n<span class=\"wpcf7-form-control-wrap\" data-name=\"Produktfarbe\"><select class=\"wpcf7-form-control wpcf7-select\" aria-invalid=\"false\" name=\"Produktfarbe\"><option value=\"-- W\u00e4hlen Sie die Produktfarbe --\">-- W\u00e4hlen Sie die Produktfarbe --<\/option><option value=\"450 001 - Blau\">450 001 - Blau<\/option><option value=\"450 002 - Rot\">450 002 - Rot<\/option><option value=\"450 003 - Schwarz\">450 003 - Schwarz<\/option><option value=\"450 004 - Gr\u00fcn\">450 004 - Gr\u00fcn<\/option><\/select><\/span>\n<\/p>\n<p><span style=\"color: #ffffff;\"><strong>Wenn Sie die St\u00fcckzahl mit verschiedenen Produktfarben mischen m\u00f6chten rufen Sie uns an oder geben dies bitte in der Nachricht an.<\/strong><br \/>\n<\/span>\n<\/p>\n<div data-id=\"Stueckzahl-selected\" data-orig_data_id=\"Stueckzahl-selected\"  data-class=\"wpcf7cf_group\">\n\t<p><span style=\"color: #ffffff;\"><strong>Zu bestellende St\u00fcckzahl<\/strong><\/span><br \/>\n<span class=\"wpcf7-form-control-wrap\" data-name=\"Stueckzahlmit\"><select class=\"wpcf7-form-control wpcf7-select\" aria-invalid=\"false\" name=\"Stueckzahlmit\"><option value=\"250 St\u00fcck Einkaufswagenl\u00f6ser f\u00fcr 497,50\u20ac (St\u00fcckpreis 1,99\u20ac)\">250 St\u00fcck Einkaufswagenl\u00f6ser f\u00fcr 497,50\u20ac (St\u00fcckpreis 1,99\u20ac)<\/option><\/select><\/span>\n\t<\/p>\n\t<p><span style=\"color: #ffffff;\"><strong>Logo erw\u00fcnscht?<\/strong><\/span><br \/>\n<span class=\"wpcf7-form-control-wrap\" data-name=\"Logowunsch\"><select class=\"wpcf7-form-control wpcf7-select wpcf7-validates-as-required\" aria-required=\"true\" aria-invalid=\"false\" name=\"Logowunsch\"><option value=\"\">-- Antwort w\u00e4hlen --<\/option><option value=\"Ja (zzgl. + 25 Euro)\">Ja (zzgl. + 25 Euro)<\/option><option value=\"Nein\">Nein<\/option><\/select><\/span>\n\t<\/p>\n\t<div data-id=\"logowunsch-selected\" data-orig_data_id=\"logowunsch-selected\"  data-class=\"wpcf7cf_group\">\n\t\t<p><span style=\"color: #ffffff;\"><strong>Logo-Datei vorhanden? Hier k\u00f6nnen Sie uns dieses zusenden:<\/strong><\/span><span class=\"wpcf7-form-control-wrap\" data-name=\"Dateiupload\"><input size=\"40\" class=\"wpcf7-form-control wpcf7-file\" accept=\"audio\/*,video\/*,image\/*\" aria-invalid=\"false\" type=\"file\" name=\"Dateiupload\" \/><\/span>\n\t\t<\/p>\n\t<\/div>\n\t<p><span style=\"color: #ffffff;\"><strong>Gew\u00fcnschter Werbetext<\/strong><\/span><br \/>\n<span class=\"wpcf7-form-control-wrap\" data-name=\"Werbetext\"><textarea cols=\"40\" rows=\"3\" class=\"wpcf7-form-control wpcf7-textarea wpcf7-validates-as-required\" aria-required=\"true\" aria-invalid=\"false\" name=\"Werbetext\"><\/textarea><\/span>\n\t<\/p>\n<\/div>\n<p><span style=\"color: #ffffff;\"><strong>Firma: <\/strong><\/span><br \/>\n<span class=\"wpcf7-form-control-wrap\" data-name=\"your-name\"><textarea cols=\"40\" rows=\"1\" class=\"wpcf7-form-control wpcf7-textarea wpcf7-validates-as-required\" aria-required=\"true\" aria-invalid=\"false\" name=\"your-name\"><\/textarea><\/span>\n<\/p>\n<p><span style=\"color: #ffffff;\"><strong>Ansprechpartner: <\/strong><\/span><br \/>\n<span class=\"wpcf7-form-control-wrap\" data-name=\"Ansprechpartner\"><textarea cols=\"40\" rows=\"1\" class=\"wpcf7-form-control wpcf7-textarea wpcf7-validates-as-required\" aria-required=\"true\" aria-invalid=\"false\" name=\"Ansprechpartner\"><\/textarea><\/span>\n<\/p>\n<p><span style=\"color: #ffffff;\"><strong>Adresse: <\/strong><\/span><br \/>\n<span class=\"wpcf7-form-control-wrap\" data-name=\"Adresse\"><textarea cols=\"40\" rows=\"3\" class=\"wpcf7-form-control wpcf7-textarea wpcf7-validates-as-required\" aria-required=\"true\" aria-invalid=\"false\" name=\"Adresse\"><\/textarea><\/span>\n<\/p>\n<p><span style=\"color: #ffffff;\"><strong>Telefon: <\/strong><\/span><br \/>\n<span class=\"wpcf7-form-control-wrap\" data-name=\"Telefon\"><input size=\"40\" class=\"wpcf7-form-control wpcf7-text wpcf7-tel wpcf7-validates-as-required wpcf7-validates-as-tel\" aria-required=\"true\" aria-invalid=\"false\" value=\"\" type=\"tel\" name=\"Telefon\" \/><\/span>\n<\/p>\n<p><span style=\"color: #ffffff;\"><strong>Fax: <\/strong><\/span><br \/>\n<span class=\"wpcf7-form-control-wrap\" data-name=\"Fax\"><input size=\"40\" class=\"wpcf7-form-control wpcf7-text wpcf7-tel wpcf7-validates-as-tel\" aria-invalid=\"false\" value=\"\" type=\"tel\" name=\"Fax\" \/><\/span>\n<\/p>\n<p><span style=\"color: #ffffff;\"><strong>E-Mail-Adresse: <\/strong><\/span><br \/>\n<span class=\"wpcf7-form-control-wrap\" data-name=\"your-email\"><input size=\"40\" class=\"wpcf7-form-control wpcf7-text wpcf7-email wpcf7-validates-as-required wpcf7-validates-as-email\" aria-required=\"true\" aria-invalid=\"false\" value=\"\" type=\"email\" name=\"your-email\" \/><\/span>\n<\/p>\n<p><span style=\"color: #ffffff;\"><strong>Ihre Nachricht<\/strong><\/span><br \/>\n<span class=\"wpcf7-form-control-wrap\" data-name=\"Ihre-Nachricht\"><textarea cols=\"40\" rows=\"5\" class=\"wpcf7-form-control wpcf7-textarea\" aria-invalid=\"false\" name=\"Ihre-Nachricht\"><\/textarea><\/span>\n<\/p>\n<p><span class=\"wpcf7-form-control-wrap\" data-name=\"zustimmung\"><span class=\"wpcf7-form-control wpcf7-acceptance\"><span class=\"wpcf7-list-item\"><label><input type=\"checkbox\" name=\"zustimmung\" value=\"1\" aria-invalid=\"false\" \/><span class=\"wpcf7-list-item-label\"><span style=\"color: #ffffff;\">Ich habe die <a href=\"http:\/\/www.werbefreund24.de\/index.php\/datenschutz\/\">Datenschutzerkl\u00e4rung<\/a> zur Kenntnis genommen und akzeptiert.\nIch stimme zu, dass meine Formularangaben zur Kontaktaufnahme bzw. zur Bearbeitung meines Anliegens gespeichert werden.<\/span><\/span><\/label><\/span><\/span><\/span>\n<\/p>\n<p><input class=\"wpcf7-form-control has-spinner wpcf7-submit\" type=\"submit\" value=\"Senden\" \/><span style=\"color: #ffffff;\"><strong>oder einfach ausdrucken und per Fax: 08000 \/ 12 56 89 zusenden!<\/strong><\/span>\n<\/p><div class=\"wpcf7-response-output\" aria-hidden=\"true\"><\/div>\n<\/form>\n<\/div>\n<\/td>\n<\/tr>\n<\/tbody>\n<\/table>\n<h4 style=\"text-align: center;\"><strong>Bei R\u00fcckfragen sind wir unter der Tel-Nr.: 08000 \/ 22 55 236 oder<br \/>\nper E-Mail: <a href=\"mailto:info@werbefreund24.de\">info@werbefreund24.de<\/a> erreichbar.<\/strong><\/h4>\n<hr \/>\n<p><span style=\"font-size: 12px;\">Wir liefern ausschlie\u00dflich auf Grundlage unserer Allgemeinen Gesch\u00e4ftsbedingungen, siehe <a href=\"https:\/\/www.werbefreund24.de\/index.php\/agbs\/\">https:\/\/www.werbefreund24.de\/index.php\/agbs\/<\/a>. Weitergehende Informationen zur Verarbeitung Ihrer Daten erhalten Sie unter <a href=\"https:\/\/www.werbefreund24.de\/index.php\/datenschutz\/\">https:\/\/www.werbefreund24.de\/index.php\/datenschutz\/<\/a>. Alle Preise verstehen sich zuz\u00fcglich Mehrwertsteuer. Drucknebenkosten f\u00fcr Werbeanbringung siehe Produktbeschreibung. Das Angebot ist nur bestimmt f\u00fcr Industrie, Handel, Gewerbe und vergleichbare Institutionen und richtet sich nicht an Verbraucher.<\/span><\/p>\n","protected":false},"excerpt":{"rendered":"<p>Einkaufswagenl\u00f6ser-Schl\u00fcsselanh\u00e4nger aus Aluminium mit stabilem Schl\u00fcsselring. Produktfarbe: <a class=\"more-link\" href=\"https:\/\/www.werbefreund24.de\/index.php\/einkaufswagenloeser\/\">weiterlesen&#8230;<\/a><\/p>\n","protected":false},"author":2,"featured_media":0,"parent":0,"menu_order":0,"comment_status":"closed","ping_status":"closed","template":"","meta":[],"yoast_head":"<!-- This site is optimized with the Yoast SEO plugin v20.2.1 - https:\/\/yoast.com\/wordpress\/plugins\/seo\/ -->\n<title>Einkaufswagenl\u00f6ser ab 1,99\u20ac - Werbefreund24.de<\/title>\n<meta name=\"robots\" content=\"index, follow, max-snippet:-1, max-image-preview:large, max-video-preview:-1\" \/>\n<link rel=\"canonical\" href=\"https:\/\/www.werbefreund24.de\/index.php\/einkaufswagenloeser\/\" \/>\n<meta property=\"og:locale\" content=\"de_DE\" \/>\n<meta property=\"og:type\" content=\"article\" \/>\n<meta property=\"og:title\" content=\"Einkaufswagenl\u00f6ser ab 1,99\u20ac - Werbefreund24.de\" \/>\n<meta property=\"og:description\" content=\"Einkaufswagenl\u00f6ser-Schl\u00fcsselanh\u00e4nger aus Aluminium mit stabilem Schl\u00fcsselring. Produktfarbe: weiterlesen...\" \/>\n<meta property=\"og:url\" content=\"https:\/\/www.werbefreund24.de\/index.php\/einkaufswagenloeser\/\" \/>\n<meta property=\"og:site_name\" content=\"Werbefreund24.de\" \/>\n<meta property=\"article:modified_time\" content=\"2023-04-04T07:40:28+00:00\" \/>\n<meta property=\"og:image\" content=\"https:\/\/www.werbefreund24.de\/wp-content\/uploads\/2023\/03\/Einkaufswagenloeser.jpg\" \/>\n<meta name=\"twitter:card\" content=\"summary_large_image\" \/>\n<meta name=\"twitter:label1\" content=\"Gesch\u00e4tzte Lesezeit\" \/>\n\t<meta name=\"twitter:data1\" content=\"2\u00a0Minuten\" \/>\n<script type=\"application\/ld+json\" class=\"yoast-schema-graph\">{\"@context\":\"https:\/\/schema.org\",\"@graph\":[{\"@type\":\"WebPage\",\"@id\":\"https:\/\/www.werbefreund24.de\/index.php\/einkaufswagenloeser\/\",\"url\":\"https:\/\/www.werbefreund24.de\/index.php\/einkaufswagenloeser\/\",\"name\":\"Einkaufswagenl\u00f6ser ab 1,99\u20ac - Werbefreund24.de\",\"isPartOf\":{\"@id\":\"https:\/\/www.werbefreund24.de\/#website\"},\"datePublished\":\"2023-03-31T07:38:07+00:00\",\"dateModified\":\"2023-04-04T07:40:28+00:00\",\"breadcrumb\":{\"@id\":\"https:\/\/www.werbefreund24.de\/index.php\/einkaufswagenloeser\/#breadcrumb\"},\"inLanguage\":\"de\",\"potentialAction\":[{\"@type\":\"ReadAction\",\"target\":[\"https:\/\/www.werbefreund24.de\/index.php\/einkaufswagenloeser\/\"]}]},{\"@type\":\"BreadcrumbList\",\"@id\":\"https:\/\/www.werbefreund24.de\/index.php\/einkaufswagenloeser\/#breadcrumb\",\"itemListElement\":[{\"@type\":\"ListItem\",\"position\":1,\"name\":\"Startseite\",\"item\":\"https:\/\/www.werbefreund24.de\/\"},{\"@type\":\"ListItem\",\"position\":2,\"name\":\"Einkaufswagenl\u00f6ser ab 1,99\u20ac\"}]},{\"@type\":\"WebSite\",\"@id\":\"https:\/\/www.werbefreund24.de\/#website\",\"url\":\"https:\/\/www.werbefreund24.de\/\",\"name\":\"Werbefreund24.de\",\"description\":\"\",\"publisher\":{\"@id\":\"https:\/\/www.werbefreund24.de\/#organization\"},\"potentialAction\":[{\"@type\":\"SearchAction\",\"target\":{\"@type\":\"EntryPoint\",\"urlTemplate\":\"https:\/\/www.werbefreund24.de\/?s={search_term_string}\"},\"query-input\":\"required name=search_term_string\"}],\"inLanguage\":\"de\"},{\"@type\":\"Organization\",\"@id\":\"https:\/\/www.werbefreund24.de\/#organization\",\"name\":\"Werbefreund24\",\"url\":\"https:\/\/www.werbefreund24.de\/\",\"logo\":{\"@type\":\"ImageObject\",\"inLanguage\":\"de\",\"@id\":\"https:\/\/www.werbefreund24.de\/#\/schema\/logo\/image\/\",\"url\":\"https:\/\/www.werbefreund24.de\/wp-content\/uploads\/2018\/05\/wf-klein.jpg\",\"contentUrl\":\"https:\/\/www.werbefreund24.de\/wp-content\/uploads\/2018\/05\/wf-klein.jpg\",\"width\":257,\"height\":41,\"caption\":\"Werbefreund24\"},\"image\":{\"@id\":\"https:\/\/www.werbefreund24.de\/#\/schema\/logo\/image\/\"}}]}<\/script>\n<!-- \/ Yoast SEO plugin. -->","yoast_head_json":{"title":"Einkaufswagenl\u00f6ser ab 1,99\u20ac - Werbefreund24.de","robots":{"index":"index","follow":"follow","max-snippet":"max-snippet:-1","max-image-preview":"max-image-preview:large","max-video-preview":"max-video-preview:-1"},"canonical":"https:\/\/www.werbefreund24.de\/index.php\/einkaufswagenloeser\/","og_locale":"de_DE","og_type":"article","og_title":"Einkaufswagenl\u00f6ser ab 1,99\u20ac - Werbefreund24.de","og_description":"Einkaufswagenl\u00f6ser-Schl\u00fcsselanh\u00e4nger aus Aluminium mit stabilem Schl\u00fcsselring. Produktfarbe: weiterlesen...","og_url":"https:\/\/www.werbefreund24.de\/index.php\/einkaufswagenloeser\/","og_site_name":"Werbefreund24.de","article_modified_time":"2023-04-04T07:40:28+00:00","og_image":[{"url":"https:\/\/www.werbefreund24.de\/wp-content\/uploads\/2023\/03\/Einkaufswagenloeser.jpg"}],"twitter_card":"summary_large_image","twitter_misc":{"Gesch\u00e4tzte Lesezeit":"2\u00a0Minuten"},"schema":{"@context":"https:\/\/schema.org","@graph":[{"@type":"WebPage","@id":"https:\/\/www.werbefreund24.de\/index.php\/einkaufswagenloeser\/","url":"https:\/\/www.werbefreund24.de\/index.php\/einkaufswagenloeser\/","name":"Einkaufswagenl\u00f6ser ab 1,99\u20ac - Werbefreund24.de","isPartOf":{"@id":"https:\/\/www.werbefreund24.de\/#website"},"datePublished":"2023-03-31T07:38:07+00:00","dateModified":"2023-04-04T07:40:28+00:00","breadcrumb":{"@id":"https:\/\/www.werbefreund24.de\/index.php\/einkaufswagenloeser\/#breadcrumb"},"inLanguage":"de","potentialAction":[{"@type":"ReadAction","target":["https:\/\/www.werbefreund24.de\/index.php\/einkaufswagenloeser\/"]}]},{"@type":"BreadcrumbList","@id":"https:\/\/www.werbefreund24.de\/index.php\/einkaufswagenloeser\/#breadcrumb","itemListElement":[{"@type":"ListItem","position":1,"name":"Startseite","item":"https:\/\/www.werbefreund24.de\/"},{"@type":"ListItem","position":2,"name":"Einkaufswagenl\u00f6ser ab 1,99\u20ac"}]},{"@type":"WebSite","@id":"https:\/\/www.werbefreund24.de\/#website","url":"https:\/\/www.werbefreund24.de\/","name":"Werbefreund24.de","description":"","publisher":{"@id":"https:\/\/www.werbefreund24.de\/#organization"},"potentialAction":[{"@type":"SearchAction","target":{"@type":"EntryPoint","urlTemplate":"https:\/\/www.werbefreund24.de\/?s={search_term_string}"},"query-input":"required name=search_term_string"}],"inLanguage":"de"},{"@type":"Organization","@id":"https:\/\/www.werbefreund24.de\/#organization","name":"Werbefreund24","url":"https:\/\/www.werbefreund24.de\/","logo":{"@type":"ImageObject","inLanguage":"de","@id":"https:\/\/www.werbefreund24.de\/#\/schema\/logo\/image\/","url":"https:\/\/www.werbefreund24.de\/wp-content\/uploads\/2018\/05\/wf-klein.jpg","contentUrl":"https:\/\/www.werbefreund24.de\/wp-content\/uploads\/2018\/05\/wf-klein.jpg","width":257,"height":41,"caption":"Werbefreund24"},"image":{"@id":"https:\/\/www.werbefreund24.de\/#\/schema\/logo\/image\/"}}]}},"_links":{"self":[{"href":"https:\/\/www.werbefreund24.de\/index.php\/wp-json\/wp\/v2\/pages\/1777"}],"collection":[{"href":"https:\/\/www.werbefreund24.de\/index.php\/wp-json\/wp\/v2\/pages"}],"about":[{"href":"https:\/\/www.werbefreund24.de\/index.php\/wp-json\/wp\/v2\/types\/page"}],"author":[{"embeddable":true,"href":"https:\/\/www.werbefreund24.de\/index.php\/wp-json\/wp\/v2\/users\/2"}],"replies":[{"embeddable":true,"href":"https:\/\/www.werbefreund24.de\/index.php\/wp-json\/wp\/v2\/comments?post=1777"}],"version-history":[{"count":4,"href":"https:\/\/www.werbefreund24.de\/index.php\/wp-json\/wp\/v2\/pages\/1777\/revisions"}],"predecessor-version":[{"id":1842,"href":"https:\/\/www.werbefreund24.de\/index.php\/wp-json\/wp\/v2\/pages\/1777\/revisions\/1842"}],"wp:attachment":[{"href":"https:\/\/www.werbefreund24.de\/index.php\/wp-json\/wp\/v2\/media?parent=1777"}],"curies":[{"name":"wp","href":"https:\/\/api.w.org\/{rel}","templated":true}]}}